{"id":10441,"date":"2022-03-21T15:45:22","date_gmt":"2022-03-21T14:45:22","guid":{"rendered":"https:\/\/dstoulouse.com\/deutschkurse-fuer-erwachsene\/"},"modified":"2024-09-10T12:23:50","modified_gmt":"2024-09-10T10:23:50","slug":"german-courses-for-adults","status":"publish","type":"page","link":"https:\/\/dstoulouse.com\/en\/german-courses-for-adults\/","title":{"rendered":"German courses for adults"},"content":{"rendered":"","protected":false},"excerpt":{"rendered":"","protected":false},"author":2,"featured_media":10417,"parent":0,"menu_order":0,"comment_status":"closed","ping_status":"closed","template":"","meta":{"_EventAllDay":false,"_EventTimezone":"","_EventStartDate":"","_EventEndDate":"","_EventStartDateUTC":"","_EventEndDateUTC":"","_EventShowMap":false,"_EventShowMapLink":false,"_EventURL":"","_EventCost":"","_EventCostDescription":"","_EventCurrencySymbol":"","_EventCurrencyCode":"","_EventCurrencyPosition":"","_EventDateTimeSeparator":"","_EventTimeRangeSeparator":"","_EventOrganizerID":[],"_EventVenueID":[],"_OrganizerEmail":"","_OrganizerPhone":"","_OrganizerWebsite":"","_VenueAddress":"","_VenueCity":"","_VenueCountry":"","_VenueProvince":"","_VenueState":"","_VenueZip":"","_VenuePhone":"","_VenueURL":"","_VenueStateProvince":"","_VenueLat":"","_VenueLng":"","_VenueShowMap":false,"_VenueShowMapLink":false,"iawp_total_views":113,"footnotes":""},"class_list":["post-10441","page","type-page","status-publish","has-post-thumbnail","hentry"],"yoast_head":"<!-- This site is optimized with the Yoast SEO plugin v27.2 - https:\/\/yoast.com\/product\/yoast-seo-wordpress\/ -->\n<title>Deusche Schule Toulouse - German courses for adults<\/title>\n<meta name=\"description\" content=\"Sprechen Sie deutsch? Die Deutsche Schule Toulouse bietet Deutschkurse f\u00fcr Erwachsene an - f\u00fcr Anf\u00e4nger und Fortgeschrittene\" \/>\n<meta name=\"robots\" content=\"index, follow, max-snippet:-1, max-image-preview:large, max-video-preview:-1\" \/>\n<link rel=\"canonical\" href=\"https:\/\/dstoulouse.com\/en\/german-courses-for-adults\/\" \/>\n<meta property=\"og:locale\" content=\"en_US\" \/>\n<meta property=\"og:type\" content=\"article\" \/>\n<meta property=\"og:title\" content=\"Deusche Schule Toulouse - German courses for adults\" \/>\n<meta property=\"og:description\" content=\"Sprechen Sie deutsch? Die Deutsche Schule Toulouse bietet Deutschkurse f\u00fcr Erwachsene an - f\u00fcr Anf\u00e4nger und Fortgeschrittene\" \/>\n<meta property=\"og:url\" content=\"https:\/\/dstoulouse.com\/en\/german-courses-for-adults\/\" \/>\n<meta property=\"og:site_name\" content=\"Deutsche Schule Toulouse: Exzellente Deutsche Auslandsschule mit Kindergarten, Grundschule und weiterf&uuml;hrender Schule\" \/>\n<meta property=\"article:modified_time\" content=\"2024-09-10T10:23:50+00:00\" \/>\n<meta property=\"og:image\" content=\"https:\/\/dstoulouse.com\/wp-content\/uploads\/dst_clara_mobil.jpg\" \/>\n\t<meta property=\"og:image:width\" content=\"500\" \/>\n\t<meta property=\"og:image:height\" content=\"500\" \/>\n\t<meta property=\"og:image:type\" content=\"image\/jpeg\" \/>\n<meta name=\"twitter:card\" content=\"summary_large_image\" \/>\n<meta name=\"twitter:label1\" content=\"Est. reading time\" \/>\n\t<meta name=\"twitter:data1\" content=\"1 minute\" \/>\n<script type=\"application\/ld+json\" class=\"yoast-schema-graph\">{\"@context\":\"https:\/\/schema.org\",\"@graph\":[{\"@type\":\"WebPage\",\"@id\":\"https:\/\/dstoulouse.com\/en\/german-courses-for-adults\/\",\"url\":\"https:\/\/dstoulouse.com\/en\/german-courses-for-adults\/\",\"name\":\"Deusche Schule Toulouse - German courses for adults\",\"isPartOf\":{\"@id\":\"https:\/\/dstoulouse.com\/#website\"},\"primaryImageOfPage\":{\"@id\":\"https:\/\/dstoulouse.com\/en\/german-courses-for-adults\/#primaryimage\"},\"image\":{\"@id\":\"https:\/\/dstoulouse.com\/en\/german-courses-for-adults\/#primaryimage\"},\"thumbnailUrl\":\"https:\/\/dstoulouse.com\/wp-content\/uploads\/dst_clara_mobil.jpg\",\"datePublished\":\"2022-03-21T14:45:22+00:00\",\"dateModified\":\"2024-09-10T10:23:50+00:00\",\"description\":\"Sprechen Sie deutsch? Die Deutsche Schule Toulouse bietet Deutschkurse f\u00fcr Erwachsene an - f\u00fcr Anf\u00e4nger und Fortgeschrittene\",\"breadcrumb\":{\"@id\":\"https:\/\/dstoulouse.com\/en\/german-courses-for-adults\/#breadcrumb\"},\"inLanguage\":\"en-US\",\"potentialAction\":[{\"@type\":\"ReadAction\",\"target\":[\"https:\/\/dstoulouse.com\/en\/german-courses-for-adults\/\"]}]},{\"@type\":\"ImageObject\",\"inLanguage\":\"en-US\",\"@id\":\"https:\/\/dstoulouse.com\/en\/german-courses-for-adults\/#primaryimage\",\"url\":\"https:\/\/dstoulouse.com\/wp-content\/uploads\/dst_clara_mobil.jpg\",\"contentUrl\":\"https:\/\/dstoulouse.com\/wp-content\/uploads\/dst_clara_mobil.jpg\",\"width\":500,\"height\":500,\"caption\":\"Deutsche Schule Toulouse, Deutschkurs f\u00fcr Erwachsene\"},{\"@type\":\"BreadcrumbList\",\"@id\":\"https:\/\/dstoulouse.com\/en\/german-courses-for-adults\/#breadcrumb\",\"itemListElement\":[{\"@type\":\"ListItem\",\"position\":1,\"name\":\"Startseite\",\"item\":\"https:\/\/dstoulouse.com\/en\/\"},{\"@type\":\"ListItem\",\"position\":2,\"name\":\"German courses for adults\"}]},{\"@type\":\"WebSite\",\"@id\":\"https:\/\/dstoulouse.com\/#website\",\"url\":\"https:\/\/dstoulouse.com\/\",\"name\":\"Deutsche Schule Toulouse: Exzellente Deutsche Auslandsschule mit Kindergarten, Grundschule und weiterf&uuml;hrender Schule\",\"description\":\"Wir bilden das Europa von morgen\",\"publisher\":{\"@id\":\"https:\/\/dstoulouse.com\/#organization\"},\"potentialAction\":[{\"@type\":\"SearchAction\",\"target\":{\"@type\":\"EntryPoint\",\"urlTemplate\":\"https:\/\/dstoulouse.com\/?s={search_term_string}\"},\"query-input\":{\"@type\":\"PropertyValueSpecification\",\"valueRequired\":true,\"valueName\":\"search_term_string\"}}],\"inLanguage\":\"en-US\"},{\"@type\":\"Organization\",\"@id\":\"https:\/\/dstoulouse.com\/#organization\",\"name\":\"Deutsche Schule Toulouse\",\"url\":\"https:\/\/dstoulouse.com\/\",\"logo\":{\"@type\":\"ImageObject\",\"inLanguage\":\"en-US\",\"@id\":\"https:\/\/dstoulouse.com\/#\/schema\/logo\/image\/\",\"url\":\"https:\/\/dstoulouse.com\/wp-content\/uploads\/dst-logo.jpg\",\"contentUrl\":\"https:\/\/dstoulouse.com\/wp-content\/uploads\/dst-logo.jpg\",\"width\":149,\"height\":107,\"caption\":\"Deutsche Schule Toulouse\"},\"image\":{\"@id\":\"https:\/\/dstoulouse.com\/#\/schema\/logo\/image\/\"}}]}<\/script>\n<!-- \/ Yoast SEO plugin. -->","yoast_head_json":{"title":"Deusche Schule Toulouse - German courses for adults","description":"Sprechen Sie deutsch? Die Deutsche Schule Toulouse bietet Deutschkurse f\u00fcr Erwachsene an - f\u00fcr Anf\u00e4nger und Fortgeschrittene","robots":{"index":"index","follow":"follow","max-snippet":"max-snippet:-1","max-image-preview":"max-image-preview:large","max-video-preview":"max-video-preview:-1"},"canonical":"https:\/\/dstoulouse.com\/en\/german-courses-for-adults\/","og_locale":"en_US","og_type":"article","og_title":"Deusche Schule Toulouse - German courses for adults","og_description":"Sprechen Sie deutsch? Die Deutsche Schule Toulouse bietet Deutschkurse f\u00fcr Erwachsene an - f\u00fcr Anf\u00e4nger und Fortgeschrittene","og_url":"https:\/\/dstoulouse.com\/en\/german-courses-for-adults\/","og_site_name":"Deutsche Schule Toulouse: Exzellente Deutsche Auslandsschule mit Kindergarten, Grundschule und weiterf&uuml;hrender Schule","article_modified_time":"2024-09-10T10:23:50+00:00","og_image":[{"width":500,"height":500,"url":"https:\/\/dstoulouse.com\/wp-content\/uploads\/dst_clara_mobil.jpg","type":"image\/jpeg"}],"twitter_card":"summary_large_image","twitter_misc":{"Est. reading time":"1 minute"},"schema":{"@context":"https:\/\/schema.org","@graph":[{"@type":"WebPage","@id":"https:\/\/dstoulouse.com\/en\/german-courses-for-adults\/","url":"https:\/\/dstoulouse.com\/en\/german-courses-for-adults\/","name":"Deusche Schule Toulouse - German courses for adults","isPartOf":{"@id":"https:\/\/dstoulouse.com\/#website"},"primaryImageOfPage":{"@id":"https:\/\/dstoulouse.com\/en\/german-courses-for-adults\/#primaryimage"},"image":{"@id":"https:\/\/dstoulouse.com\/en\/german-courses-for-adults\/#primaryimage"},"thumbnailUrl":"https:\/\/dstoulouse.com\/wp-content\/uploads\/dst_clara_mobil.jpg","datePublished":"2022-03-21T14:45:22+00:00","dateModified":"2024-09-10T10:23:50+00:00","description":"Sprechen Sie deutsch? Die Deutsche Schule Toulouse bietet Deutschkurse f\u00fcr Erwachsene an - f\u00fcr Anf\u00e4nger und Fortgeschrittene","breadcrumb":{"@id":"https:\/\/dstoulouse.com\/en\/german-courses-for-adults\/#breadcrumb"},"inLanguage":"en-US","potentialAction":[{"@type":"ReadAction","target":["https:\/\/dstoulouse.com\/en\/german-courses-for-adults\/"]}]},{"@type":"ImageObject","inLanguage":"en-US","@id":"https:\/\/dstoulouse.com\/en\/german-courses-for-adults\/#primaryimage","url":"https:\/\/dstoulouse.com\/wp-content\/uploads\/dst_clara_mobil.jpg","contentUrl":"https:\/\/dstoulouse.com\/wp-content\/uploads\/dst_clara_mobil.jpg","width":500,"height":500,"caption":"Deutsche Schule Toulouse, Deutschkurs f\u00fcr Erwachsene"},{"@type":"BreadcrumbList","@id":"https:\/\/dstoulouse.com\/en\/german-courses-for-adults\/#breadcrumb","itemListElement":[{"@type":"ListItem","position":1,"name":"Startseite","item":"https:\/\/dstoulouse.com\/en\/"},{"@type":"ListItem","position":2,"name":"German courses for adults"}]},{"@type":"WebSite","@id":"https:\/\/dstoulouse.com\/#website","url":"https:\/\/dstoulouse.com\/","name":"Deutsche Schule Toulouse: Exzellente Deutsche Auslandsschule mit Kindergarten, Grundschule und weiterf&uuml;hrender Schule","description":"Wir bilden das Europa von morgen","publisher":{"@id":"https:\/\/dstoulouse.com\/#organization"},"potentialAction":[{"@type":"SearchAction","target":{"@type":"EntryPoint","urlTemplate":"https:\/\/dstoulouse.com\/?s={search_term_string}"},"query-input":{"@type":"PropertyValueSpecification","valueRequired":true,"valueName":"search_term_string"}}],"inLanguage":"en-US"},{"@type":"Organization","@id":"https:\/\/dstoulouse.com\/#organization","name":"Deutsche Schule Toulouse","url":"https:\/\/dstoulouse.com\/","logo":{"@type":"ImageObject","inLanguage":"en-US","@id":"https:\/\/dstoulouse.com\/#\/schema\/logo\/image\/","url":"https:\/\/dstoulouse.com\/wp-content\/uploads\/dst-logo.jpg","contentUrl":"https:\/\/dstoulouse.com\/wp-content\/uploads\/dst-logo.jpg","width":149,"height":107,"caption":"Deutsche Schule Toulouse"},"image":{"@id":"https:\/\/dstoulouse.com\/#\/schema\/logo\/image\/"}}]}},"_links":{"self":[{"href":"https:\/\/dstoulouse.com\/en\/wp-json\/wp\/v2\/pages\/10441","targetHints":{"allow":["GET"]}}],"collection":[{"href":"https:\/\/dstoulouse.com\/en\/wp-json\/wp\/v2\/pages"}],"about":[{"href":"https:\/\/dstoulouse.com\/en\/wp-json\/wp\/v2\/types\/page"}],"author":[{"embeddable":true,"href":"https:\/\/dstoulouse.com\/en\/wp-json\/wp\/v2\/users\/2"}],"replies":[{"embeddable":true,"href":"https:\/\/dstoulouse.com\/en\/wp-json\/wp\/v2\/comments?post=10441"}],"version-history":[{"count":9,"href":"https:\/\/dstoulouse.com\/en\/wp-json\/wp\/v2\/pages\/10441\/revisions"}],"predecessor-version":[{"id":19148,"href":"https:\/\/dstoulouse.com\/en\/wp-json\/wp\/v2\/pages\/10441\/revisions\/19148"}],"wp:featuredmedia":[{"embeddable":true,"href":"https:\/\/dstoulouse.com\/en\/wp-json\/wp\/v2\/media\/10417"}],"wp:attachment":[{"href":"https:\/\/dstoulouse.com\/en\/wp-json\/wp\/v2\/media?parent=10441"}],"curies":[{"name":"wp","href":"https:\/\/api.w.org\/{rel}","templated":true}]}}