{"id":7898,"date":"2019-07-23T14:38:15","date_gmt":"2019-07-23T12:38:15","guid":{"rendered":"https:\/\/dstoulouse.com\/deutsche-schule-toulouse\/"},"modified":"2026-03-16T10:30:47","modified_gmt":"2026-03-16T09:30:47","slug":"deutsche-schule-toulouse","status":"publish","type":"page","link":"https:\/\/dstoulouse.com\/en\/","title":{"rendered":"The German School Toulouse"},"content":{"rendered":"","protected":false},"excerpt":{"rendered":"","protected":false},"author":3,"featured_media":16583,"parent":0,"menu_order":0,"comment_status":"closed","ping_status":"closed","template":"","meta":{"_EventAllDay":false,"_EventTimezone":"","_EventStartDate":"","_EventEndDate":"","_EventStartDateUTC":"","_EventEndDateUTC":"","_EventShowMap":false,"_EventShowMapLink":false,"_EventURL":"","_EventCost":"","_EventCostDescription":"","_EventCurrencySymbol":"","_EventCurrencyCode":"","_EventCurrencyPosition":"","_EventDateTimeSeparator":"","_EventTimeRangeSeparator":"","_EventOrganizerID":[],"_EventVenueID":[],"_OrganizerEmail":"","_OrganizerPhone":"","_OrganizerWebsite":"","_VenueAddress":"","_VenueCity":"","_VenueCountry":"","_VenueProvince":"","_VenueState":"","_VenueZip":"","_VenuePhone":"","_VenueURL":"","_VenueStateProvince":"","_VenueLat":"","_VenueLng":"","_VenueShowMap":false,"_VenueShowMapLink":false,"iawp_total_views":2745,"footnotes":""},"class_list":["post-7898","page","type-page","status-publish","has-post-thumbnail","hentry"],"yoast_head":"<!-- This site is optimized with the Yoast SEO plugin v27.2 - https:\/\/yoast.com\/product\/yoast-seo-wordpress\/ -->\n<title>The German School Toulouse - Exzellente Deutsche Auslandsschule<\/title>\n<meta name=\"description\" content=\"As a German international school, we educate our students to become responsible, highly qualified and open-minded young people. We see ourselves as a school for everyone and regard diversity as a strength and an enrichment.\u00a0\" \/>\n<meta name=\"robots\" content=\"index, follow, max-snippet:-1, max-image-preview:large, max-video-preview:-1\" \/>\n<link rel=\"canonical\" href=\"https:\/\/dstoulouse.com\/en\/\" \/>\n<meta property=\"og:locale\" content=\"en_US\" \/>\n<meta property=\"og:type\" content=\"article\" \/>\n<meta property=\"og:title\" content=\"The German School Toulouse - Exzellente Deutsche Auslandsschule\" \/>\n<meta property=\"og:description\" content=\"As a German international school, we educate our students to become responsible, highly qualified and open-minded young people. We see ourselves as a school for everyone and regard diversity as a strength and an enrichment.\u00a0\" \/>\n<meta property=\"og:url\" content=\"https:\/\/dstoulouse.com\/en\/\" \/>\n<meta property=\"og:site_name\" content=\"Deutsche Schule Toulouse: Exzellente Deutsche Auslandsschule mit Kindergarten, Grundschule und weiterf&uuml;hrender Schule\" \/>\n<meta property=\"article:modified_time\" content=\"2026-03-16T09:30:47+00:00\" \/>\n<meta property=\"og:image\" content=\"https:\/\/dstoulouse.com\/wp-content\/uploads\/deutsche-schule-toulouse_schuelerinnen-und-schueler_header-310.jpg\" \/>\n\t<meta property=\"og:image:width\" content=\"1500\" \/>\n\t<meta property=\"og:image:height\" content=\"400\" \/>\n\t<meta property=\"og:image:type\" content=\"image\/jpeg\" \/>\n<meta name=\"twitter:card\" content=\"summary_large_image\" \/>\n<meta name=\"twitter:label1\" content=\"Est. reading time\" \/>\n\t<meta name=\"twitter:data1\" content=\"1 minute\" \/>\n<script type=\"application\/ld+json\" class=\"yoast-schema-graph\">{\"@context\":\"https:\/\/schema.org\",\"@graph\":[{\"@type\":\"WebPage\",\"@id\":\"https:\/\/dstoulouse.com\/en\/\",\"url\":\"https:\/\/dstoulouse.com\/en\/\",\"name\":\"The German School Toulouse - Exzellente Deutsche Auslandsschule\",\"isPartOf\":{\"@id\":\"https:\/\/dstoulouse.com\/#website\"},\"primaryImageOfPage\":{\"@id\":\"https:\/\/dstoulouse.com\/en\/#primaryimage\"},\"image\":{\"@id\":\"https:\/\/dstoulouse.com\/en\/#primaryimage\"},\"thumbnailUrl\":\"https:\/\/dstoulouse.com\/wp-content\/uploads\/deutsche-schule-toulouse_schuelerinnen-und-schueler_header-310.jpg\",\"datePublished\":\"2019-07-23T12:38:15+00:00\",\"dateModified\":\"2026-03-16T09:30:47+00:00\",\"description\":\"As a German international school, we educate our students to become responsible, highly qualified and open-minded young people. We see ourselves as a school for everyone and regard diversity as a strength and an enrichment.\u00a0\",\"breadcrumb\":{\"@id\":\"https:\/\/dstoulouse.com\/en\/#breadcrumb\"},\"inLanguage\":\"en-US\",\"potentialAction\":[{\"@type\":\"ReadAction\",\"target\":[\"https:\/\/dstoulouse.com\/en\/\"]}]},{\"@type\":\"ImageObject\",\"inLanguage\":\"en-US\",\"@id\":\"https:\/\/dstoulouse.com\/en\/#primaryimage\",\"url\":\"https:\/\/dstoulouse.com\/wp-content\/uploads\/deutsche-schule-toulouse_schuelerinnen-und-schueler_header-310.jpg\",\"contentUrl\":\"https:\/\/dstoulouse.com\/wp-content\/uploads\/deutsche-schule-toulouse_schuelerinnen-und-schueler_header-310.jpg\",\"width\":1500,\"height\":400,\"caption\":\"Deutsche Schule Toulouse: Auf einen zulaufende Gruppe von Sch\u00fclerinnen und Sch\u00fcler mit in die Luft schwenkenden deutschen und franz\u00f6sichen Papierfahnen\"},{\"@type\":\"BreadcrumbList\",\"@id\":\"https:\/\/dstoulouse.com\/en\/#breadcrumb\",\"itemListElement\":[{\"@type\":\"ListItem\",\"position\":1,\"name\":\"Startseite\",\"item\":\"https:\/\/dstoulouse.com\/en\/\"},{\"@type\":\"ListItem\",\"position\":2,\"name\":\"The German School Toulouse\"}]},{\"@type\":\"WebSite\",\"@id\":\"https:\/\/dstoulouse.com\/#website\",\"url\":\"https:\/\/dstoulouse.com\/\",\"name\":\"Deutsche Schule Toulouse: Exzellente Deutsche Auslandsschule mit Kindergarten, Grundschule und weiterf&uuml;hrender Schule\",\"description\":\"Wir bilden das Europa von morgen\",\"publisher\":{\"@id\":\"https:\/\/dstoulouse.com\/#organization\"},\"potentialAction\":[{\"@type\":\"SearchAction\",\"target\":{\"@type\":\"EntryPoint\",\"urlTemplate\":\"https:\/\/dstoulouse.com\/?s={search_term_string}\"},\"query-input\":{\"@type\":\"PropertyValueSpecification\",\"valueRequired\":true,\"valueName\":\"search_term_string\"}}],\"inLanguage\":\"en-US\"},{\"@type\":\"Organization\",\"@id\":\"https:\/\/dstoulouse.com\/#organization\",\"name\":\"Deutsche Schule Toulouse\",\"url\":\"https:\/\/dstoulouse.com\/\",\"logo\":{\"@type\":\"ImageObject\",\"inLanguage\":\"en-US\",\"@id\":\"https:\/\/dstoulouse.com\/#\/schema\/logo\/image\/\",\"url\":\"https:\/\/dstoulouse.com\/wp-content\/uploads\/dst-logo.jpg\",\"contentUrl\":\"https:\/\/dstoulouse.com\/wp-content\/uploads\/dst-logo.jpg\",\"width\":149,\"height\":107,\"caption\":\"Deutsche Schule Toulouse\"},\"image\":{\"@id\":\"https:\/\/dstoulouse.com\/#\/schema\/logo\/image\/\"}}]}<\/script>\n<!-- \/ Yoast SEO plugin. -->","yoast_head_json":{"title":"The German School Toulouse - Exzellente Deutsche Auslandsschule","description":"As a German international school, we educate our students to become responsible, highly qualified and open-minded young people. We see ourselves as a school for everyone and regard diversity as a strength and an enrichment.\u00a0","robots":{"index":"index","follow":"follow","max-snippet":"max-snippet:-1","max-image-preview":"max-image-preview:large","max-video-preview":"max-video-preview:-1"},"canonical":"https:\/\/dstoulouse.com\/en\/","og_locale":"en_US","og_type":"article","og_title":"The German School Toulouse - Exzellente Deutsche Auslandsschule","og_description":"As a German international school, we educate our students to become responsible, highly qualified and open-minded young people. We see ourselves as a school for everyone and regard diversity as a strength and an enrichment.\u00a0","og_url":"https:\/\/dstoulouse.com\/en\/","og_site_name":"Deutsche Schule Toulouse: Exzellente Deutsche Auslandsschule mit Kindergarten, Grundschule und weiterf&uuml;hrender Schule","article_modified_time":"2026-03-16T09:30:47+00:00","og_image":[{"width":1500,"height":400,"url":"https:\/\/dstoulouse.com\/wp-content\/uploads\/deutsche-schule-toulouse_schuelerinnen-und-schueler_header-310.jpg","type":"image\/jpeg"}],"twitter_card":"summary_large_image","twitter_misc":{"Est. reading time":"1 minute"},"schema":{"@context":"https:\/\/schema.org","@graph":[{"@type":"WebPage","@id":"https:\/\/dstoulouse.com\/en\/","url":"https:\/\/dstoulouse.com\/en\/","name":"The German School Toulouse - Exzellente Deutsche Auslandsschule","isPartOf":{"@id":"https:\/\/dstoulouse.com\/#website"},"primaryImageOfPage":{"@id":"https:\/\/dstoulouse.com\/en\/#primaryimage"},"image":{"@id":"https:\/\/dstoulouse.com\/en\/#primaryimage"},"thumbnailUrl":"https:\/\/dstoulouse.com\/wp-content\/uploads\/deutsche-schule-toulouse_schuelerinnen-und-schueler_header-310.jpg","datePublished":"2019-07-23T12:38:15+00:00","dateModified":"2026-03-16T09:30:47+00:00","description":"As a German international school, we educate our students to become responsible, highly qualified and open-minded young people. We see ourselves as a school for everyone and regard diversity as a strength and an enrichment.\u00a0","breadcrumb":{"@id":"https:\/\/dstoulouse.com\/en\/#breadcrumb"},"inLanguage":"en-US","potentialAction":[{"@type":"ReadAction","target":["https:\/\/dstoulouse.com\/en\/"]}]},{"@type":"ImageObject","inLanguage":"en-US","@id":"https:\/\/dstoulouse.com\/en\/#primaryimage","url":"https:\/\/dstoulouse.com\/wp-content\/uploads\/deutsche-schule-toulouse_schuelerinnen-und-schueler_header-310.jpg","contentUrl":"https:\/\/dstoulouse.com\/wp-content\/uploads\/deutsche-schule-toulouse_schuelerinnen-und-schueler_header-310.jpg","width":1500,"height":400,"caption":"Deutsche Schule Toulouse: Auf einen zulaufende Gruppe von Sch\u00fclerinnen und Sch\u00fcler mit in die Luft schwenkenden deutschen und franz\u00f6sichen Papierfahnen"},{"@type":"BreadcrumbList","@id":"https:\/\/dstoulouse.com\/en\/#breadcrumb","itemListElement":[{"@type":"ListItem","position":1,"name":"Startseite","item":"https:\/\/dstoulouse.com\/en\/"},{"@type":"ListItem","position":2,"name":"The German School Toulouse"}]},{"@type":"WebSite","@id":"https:\/\/dstoulouse.com\/#website","url":"https:\/\/dstoulouse.com\/","name":"Deutsche Schule Toulouse: Exzellente Deutsche Auslandsschule mit Kindergarten, Grundschule und weiterf&uuml;hrender Schule","description":"Wir bilden das Europa von morgen","publisher":{"@id":"https:\/\/dstoulouse.com\/#organization"},"potentialAction":[{"@type":"SearchAction","target":{"@type":"EntryPoint","urlTemplate":"https:\/\/dstoulouse.com\/?s={search_term_string}"},"query-input":{"@type":"PropertyValueSpecification","valueRequired":true,"valueName":"search_term_string"}}],"inLanguage":"en-US"},{"@type":"Organization","@id":"https:\/\/dstoulouse.com\/#organization","name":"Deutsche Schule Toulouse","url":"https:\/\/dstoulouse.com\/","logo":{"@type":"ImageObject","inLanguage":"en-US","@id":"https:\/\/dstoulouse.com\/#\/schema\/logo\/image\/","url":"https:\/\/dstoulouse.com\/wp-content\/uploads\/dst-logo.jpg","contentUrl":"https:\/\/dstoulouse.com\/wp-content\/uploads\/dst-logo.jpg","width":149,"height":107,"caption":"Deutsche Schule Toulouse"},"image":{"@id":"https:\/\/dstoulouse.com\/#\/schema\/logo\/image\/"}}]}},"_links":{"self":[{"href":"https:\/\/dstoulouse.com\/en\/wp-json\/wp\/v2\/pages\/7898","targetHints":{"allow":["GET"]}}],"collection":[{"href":"https:\/\/dstoulouse.com\/en\/wp-json\/wp\/v2\/pages"}],"about":[{"href":"https:\/\/dstoulouse.com\/en\/wp-json\/wp\/v2\/types\/page"}],"author":[{"embeddable":true,"href":"https:\/\/dstoulouse.com\/en\/wp-json\/wp\/v2\/users\/3"}],"replies":[{"embeddable":true,"href":"https:\/\/dstoulouse.com\/en\/wp-json\/wp\/v2\/comments?post=7898"}],"version-history":[{"count":7,"href":"https:\/\/dstoulouse.com\/en\/wp-json\/wp\/v2\/pages\/7898\/revisions"}],"predecessor-version":[{"id":22551,"href":"https:\/\/dstoulouse.com\/en\/wp-json\/wp\/v2\/pages\/7898\/revisions\/22551"}],"wp:featuredmedia":[{"embeddable":true,"href":"https:\/\/dstoulouse.com\/en\/wp-json\/wp\/v2\/media\/16583"}],"wp:attachment":[{"href":"https:\/\/dstoulouse.com\/en\/wp-json\/wp\/v2\/media?parent=7898"}],"curies":[{"name":"wp","href":"https:\/\/api.w.org\/{rel}","templated":true}]}}