{"id":11430,"date":"2022-06-14T11:40:12","date_gmt":"2022-06-14T09:40:12","guid":{"rendered":"https:\/\/dstoulouse.com\/unsere-partner\/"},"modified":"2025-03-10T13:15:15","modified_gmt":"2025-03-10T12:15:15","slug":"partenaires-et-liens","status":"publish","type":"page","link":"https:\/\/dstoulouse.com\/fr\/partenaires-et-liens\/","title":{"rendered":"Partenaires et liens"},"content":{"rendered":"","protected":false},"excerpt":{"rendered":"","protected":false},"author":2,"featured_media":11425,"parent":0,"menu_order":0,"comment_status":"closed","ping_status":"closed","template":"","meta":{"_EventAllDay":false,"_EventTimezone":"","_EventStartDate":"","_EventEndDate":"","_EventStartDateUTC":"","_EventEndDateUTC":"","_EventShowMap":false,"_EventShowMapLink":false,"_EventURL":"","_EventCost":"","_EventCostDescription":"","_EventCurrencySymbol":"","_EventCurrencyCode":"","_EventCurrencyPosition":"","_EventDateTimeSeparator":"","_EventTimeRangeSeparator":"","_EventOrganizerID":[],"_EventVenueID":[],"_OrganizerEmail":"","_OrganizerPhone":"","_OrganizerWebsite":"","_VenueAddress":"","_VenueCity":"","_VenueCountry":"","_VenueProvince":"","_VenueState":"","_VenueZip":"","_VenuePhone":"","_VenueURL":"","_VenueStateProvince":"","_VenueLat":"","_VenueLng":"","_VenueShowMap":false,"_VenueShowMapLink":false,"iawp_total_views":131,"footnotes":""},"class_list":["post-11430","page","type-page","status-publish","has-post-thumbnail","hentry"],"yoast_head":"<!-- This site is optimized with the Yoast SEO plugin v27.3 - https:\/\/yoast.com\/product\/yoast-seo-wordpress\/ -->\n<title>Partenaires et liens - Exzellente Deutsche Auslandsschule<\/title>\n<meta name=\"description\" content=\"L\u2019\u00c9cole allemande de Toulouse appartient au r\u00e9seau mondial des \u00e9coles allemandes reconnues par le Minist\u00e8re des Affaires \u00c9trang\u00e8res de la R\u00e9publique F\u00e9d\u00e9rale d\u2019Allemagne. Elle adh\u00e8re \u00e0 l\u2019association mondiale des \u00e9coles allemandes.\" \/>\n<meta name=\"robots\" content=\"index, follow, max-snippet:-1, max-image-preview:large, max-video-preview:-1\" \/>\n<link rel=\"canonical\" href=\"https:\/\/dstoulouse.com\/fr\/partenaires-et-liens\/\" \/>\n<meta property=\"og:locale\" content=\"fr_FR\" \/>\n<meta property=\"og:type\" content=\"article\" \/>\n<meta property=\"og:title\" content=\"Partenaires et liens - Exzellente Deutsche Auslandsschule\" \/>\n<meta property=\"og:description\" content=\"L\u2019\u00c9cole allemande de Toulouse appartient au r\u00e9seau mondial des \u00e9coles allemandes reconnues par le Minist\u00e8re des Affaires \u00c9trang\u00e8res de la R\u00e9publique F\u00e9d\u00e9rale d\u2019Allemagne. Elle adh\u00e8re \u00e0 l\u2019association mondiale des \u00e9coles allemandes.\" \/>\n<meta property=\"og:url\" content=\"https:\/\/dstoulouse.com\/fr\/partenaires-et-liens\/\" \/>\n<meta property=\"og:site_name\" content=\"Deutsche Schule Toulouse: Exzellente Deutsche Auslandsschule mit Kindergarten, Grundschule und weiterf&uuml;hrender Schule\" \/>\n<meta property=\"article:modified_time\" content=\"2025-03-10T12:15:15+00:00\" \/>\n<meta property=\"og:image\" content=\"https:\/\/dstoulouse.com\/wp-content\/uploads\/dst_grundschule_vier-schuelerinnen_header_fotografin-nicole-knueppel.jpg\" \/>\n\t<meta property=\"og:image:width\" content=\"1500\" \/>\n\t<meta property=\"og:image:height\" content=\"500\" \/>\n\t<meta property=\"og:image:type\" content=\"image\/jpeg\" \/>\n<meta name=\"twitter:card\" content=\"summary_large_image\" \/>\n<meta name=\"twitter:label1\" content=\"Dur\u00e9e de lecture estim\u00e9e\" \/>\n\t<meta name=\"twitter:data1\" content=\"1 minute\" \/>\n<script type=\"application\/ld+json\" class=\"yoast-schema-graph\">{\"@context\":\"https:\\\/\\\/schema.org\",\"@graph\":[{\"@type\":\"WebPage\",\"@id\":\"https:\\\/\\\/dstoulouse.com\\\/fr\\\/partenaires-et-liens\\\/\",\"url\":\"https:\\\/\\\/dstoulouse.com\\\/fr\\\/partenaires-et-liens\\\/\",\"name\":\"Partenaires et liens - Exzellente Deutsche Auslandsschule\",\"isPartOf\":{\"@id\":\"https:\\\/\\\/dstoulouse.com\\\/#website\"},\"primaryImageOfPage\":{\"@id\":\"https:\\\/\\\/dstoulouse.com\\\/fr\\\/partenaires-et-liens\\\/#primaryimage\"},\"image\":{\"@id\":\"https:\\\/\\\/dstoulouse.com\\\/fr\\\/partenaires-et-liens\\\/#primaryimage\"},\"thumbnailUrl\":\"https:\\\/\\\/dstoulouse.com\\\/wp-content\\\/uploads\\\/dst_grundschule_vier-schuelerinnen_header_fotografin-nicole-knueppel.jpg\",\"datePublished\":\"2022-06-14T09:40:12+00:00\",\"dateModified\":\"2025-03-10T12:15:15+00:00\",\"description\":\"L\u2019\u00c9cole allemande de Toulouse appartient au r\u00e9seau mondial des \u00e9coles allemandes reconnues par le Minist\u00e8re des Affaires \u00c9trang\u00e8res de la R\u00e9publique F\u00e9d\u00e9rale d\u2019Allemagne. Elle adh\u00e8re \u00e0 l\u2019association mondiale des \u00e9coles allemandes.\",\"breadcrumb\":{\"@id\":\"https:\\\/\\\/dstoulouse.com\\\/fr\\\/partenaires-et-liens\\\/#breadcrumb\"},\"inLanguage\":\"fr-FR\",\"potentialAction\":[{\"@type\":\"ReadAction\",\"target\":[\"https:\\\/\\\/dstoulouse.com\\\/fr\\\/partenaires-et-liens\\\/\"]}]},{\"@type\":\"ImageObject\",\"inLanguage\":\"fr-FR\",\"@id\":\"https:\\\/\\\/dstoulouse.com\\\/fr\\\/partenaires-et-liens\\\/#primaryimage\",\"url\":\"https:\\\/\\\/dstoulouse.com\\\/wp-content\\\/uploads\\\/dst_grundschule_vier-schuelerinnen_header_fotografin-nicole-knueppel.jpg\",\"contentUrl\":\"https:\\\/\\\/dstoulouse.com\\\/wp-content\\\/uploads\\\/dst_grundschule_vier-schuelerinnen_header_fotografin-nicole-knueppel.jpg\",\"width\":1500,\"height\":500},{\"@type\":\"BreadcrumbList\",\"@id\":\"https:\\\/\\\/dstoulouse.com\\\/fr\\\/partenaires-et-liens\\\/#breadcrumb\",\"itemListElement\":[{\"@type\":\"ListItem\",\"position\":1,\"name\":\"Startseite\",\"item\":\"https:\\\/\\\/dstoulouse.com\\\/fr\\\/\"},{\"@type\":\"ListItem\",\"position\":2,\"name\":\"Partenaires et liens\"}]},{\"@type\":\"WebSite\",\"@id\":\"https:\\\/\\\/dstoulouse.com\\\/#website\",\"url\":\"https:\\\/\\\/dstoulouse.com\\\/\",\"name\":\"Deutsche Schule Toulouse: Exzellente Deutsche Auslandsschule mit Kindergarten, Grundschule und weiterf&uuml;hrender Schule\",\"description\":\"Wir bilden das Europa von morgen\",\"publisher\":{\"@id\":\"https:\\\/\\\/dstoulouse.com\\\/#organization\"},\"potentialAction\":[{\"@type\":\"SearchAction\",\"target\":{\"@type\":\"EntryPoint\",\"urlTemplate\":\"https:\\\/\\\/dstoulouse.com\\\/?s={search_term_string}\"},\"query-input\":{\"@type\":\"PropertyValueSpecification\",\"valueRequired\":true,\"valueName\":\"search_term_string\"}}],\"inLanguage\":\"fr-FR\"},{\"@type\":\"Organization\",\"@id\":\"https:\\\/\\\/dstoulouse.com\\\/#organization\",\"name\":\"Deutsche Schule Toulouse\",\"url\":\"https:\\\/\\\/dstoulouse.com\\\/\",\"logo\":{\"@type\":\"ImageObject\",\"inLanguage\":\"fr-FR\",\"@id\":\"https:\\\/\\\/dstoulouse.com\\\/#\\\/schema\\\/logo\\\/image\\\/\",\"url\":\"https:\\\/\\\/dstoulouse.com\\\/wp-content\\\/uploads\\\/dst-logo.jpg\",\"contentUrl\":\"https:\\\/\\\/dstoulouse.com\\\/wp-content\\\/uploads\\\/dst-logo.jpg\",\"width\":149,\"height\":107,\"caption\":\"Deutsche Schule Toulouse\"},\"image\":{\"@id\":\"https:\\\/\\\/dstoulouse.com\\\/#\\\/schema\\\/logo\\\/image\\\/\"}}]}<\/script>\n<!-- \/ Yoast SEO plugin. -->","yoast_head_json":{"title":"Partenaires et liens - Exzellente Deutsche Auslandsschule","description":"L\u2019\u00c9cole allemande de Toulouse appartient au r\u00e9seau mondial des \u00e9coles allemandes reconnues par le Minist\u00e8re des Affaires \u00c9trang\u00e8res de la R\u00e9publique F\u00e9d\u00e9rale d\u2019Allemagne. Elle adh\u00e8re \u00e0 l\u2019association mondiale des \u00e9coles allemandes.","robots":{"index":"index","follow":"follow","max-snippet":"max-snippet:-1","max-image-preview":"max-image-preview:large","max-video-preview":"max-video-preview:-1"},"canonical":"https:\/\/dstoulouse.com\/fr\/partenaires-et-liens\/","og_locale":"fr_FR","og_type":"article","og_title":"Partenaires et liens - Exzellente Deutsche Auslandsschule","og_description":"L\u2019\u00c9cole allemande de Toulouse appartient au r\u00e9seau mondial des \u00e9coles allemandes reconnues par le Minist\u00e8re des Affaires \u00c9trang\u00e8res de la R\u00e9publique F\u00e9d\u00e9rale d\u2019Allemagne. Elle adh\u00e8re \u00e0 l\u2019association mondiale des \u00e9coles allemandes.","og_url":"https:\/\/dstoulouse.com\/fr\/partenaires-et-liens\/","og_site_name":"Deutsche Schule Toulouse: Exzellente Deutsche Auslandsschule mit Kindergarten, Grundschule und weiterf&uuml;hrender Schule","article_modified_time":"2025-03-10T12:15:15+00:00","og_image":[{"width":1500,"height":500,"url":"https:\/\/dstoulouse.com\/wp-content\/uploads\/dst_grundschule_vier-schuelerinnen_header_fotografin-nicole-knueppel.jpg","type":"image\/jpeg"}],"twitter_card":"summary_large_image","twitter_misc":{"Dur\u00e9e de lecture estim\u00e9e":"1 minute"},"schema":{"@context":"https:\/\/schema.org","@graph":[{"@type":"WebPage","@id":"https:\/\/dstoulouse.com\/fr\/partenaires-et-liens\/","url":"https:\/\/dstoulouse.com\/fr\/partenaires-et-liens\/","name":"Partenaires et liens - Exzellente Deutsche Auslandsschule","isPartOf":{"@id":"https:\/\/dstoulouse.com\/#website"},"primaryImageOfPage":{"@id":"https:\/\/dstoulouse.com\/fr\/partenaires-et-liens\/#primaryimage"},"image":{"@id":"https:\/\/dstoulouse.com\/fr\/partenaires-et-liens\/#primaryimage"},"thumbnailUrl":"https:\/\/dstoulouse.com\/wp-content\/uploads\/dst_grundschule_vier-schuelerinnen_header_fotografin-nicole-knueppel.jpg","datePublished":"2022-06-14T09:40:12+00:00","dateModified":"2025-03-10T12:15:15+00:00","description":"L\u2019\u00c9cole allemande de Toulouse appartient au r\u00e9seau mondial des \u00e9coles allemandes reconnues par le Minist\u00e8re des Affaires \u00c9trang\u00e8res de la R\u00e9publique F\u00e9d\u00e9rale d\u2019Allemagne. Elle adh\u00e8re \u00e0 l\u2019association mondiale des \u00e9coles allemandes.","breadcrumb":{"@id":"https:\/\/dstoulouse.com\/fr\/partenaires-et-liens\/#breadcrumb"},"inLanguage":"fr-FR","potentialAction":[{"@type":"ReadAction","target":["https:\/\/dstoulouse.com\/fr\/partenaires-et-liens\/"]}]},{"@type":"ImageObject","inLanguage":"fr-FR","@id":"https:\/\/dstoulouse.com\/fr\/partenaires-et-liens\/#primaryimage","url":"https:\/\/dstoulouse.com\/wp-content\/uploads\/dst_grundschule_vier-schuelerinnen_header_fotografin-nicole-knueppel.jpg","contentUrl":"https:\/\/dstoulouse.com\/wp-content\/uploads\/dst_grundschule_vier-schuelerinnen_header_fotografin-nicole-knueppel.jpg","width":1500,"height":500},{"@type":"BreadcrumbList","@id":"https:\/\/dstoulouse.com\/fr\/partenaires-et-liens\/#breadcrumb","itemListElement":[{"@type":"ListItem","position":1,"name":"Startseite","item":"https:\/\/dstoulouse.com\/fr\/"},{"@type":"ListItem","position":2,"name":"Partenaires et liens"}]},{"@type":"WebSite","@id":"https:\/\/dstoulouse.com\/#website","url":"https:\/\/dstoulouse.com\/","name":"Deutsche Schule Toulouse: Exzellente Deutsche Auslandsschule mit Kindergarten, Grundschule und weiterf&uuml;hrender Schule","description":"Wir bilden das Europa von morgen","publisher":{"@id":"https:\/\/dstoulouse.com\/#organization"},"potentialAction":[{"@type":"SearchAction","target":{"@type":"EntryPoint","urlTemplate":"https:\/\/dstoulouse.com\/?s={search_term_string}"},"query-input":{"@type":"PropertyValueSpecification","valueRequired":true,"valueName":"search_term_string"}}],"inLanguage":"fr-FR"},{"@type":"Organization","@id":"https:\/\/dstoulouse.com\/#organization","name":"Deutsche Schule Toulouse","url":"https:\/\/dstoulouse.com\/","logo":{"@type":"ImageObject","inLanguage":"fr-FR","@id":"https:\/\/dstoulouse.com\/#\/schema\/logo\/image\/","url":"https:\/\/dstoulouse.com\/wp-content\/uploads\/dst-logo.jpg","contentUrl":"https:\/\/dstoulouse.com\/wp-content\/uploads\/dst-logo.jpg","width":149,"height":107,"caption":"Deutsche Schule Toulouse"},"image":{"@id":"https:\/\/dstoulouse.com\/#\/schema\/logo\/image\/"}}]}},"_links":{"self":[{"href":"https:\/\/dstoulouse.com\/fr\/wp-json\/wp\/v2\/pages\/11430","targetHints":{"allow":["GET"]}}],"collection":[{"href":"https:\/\/dstoulouse.com\/fr\/wp-json\/wp\/v2\/pages"}],"about":[{"href":"https:\/\/dstoulouse.com\/fr\/wp-json\/wp\/v2\/types\/page"}],"author":[{"embeddable":true,"href":"https:\/\/dstoulouse.com\/fr\/wp-json\/wp\/v2\/users\/2"}],"replies":[{"embeddable":true,"href":"https:\/\/dstoulouse.com\/fr\/wp-json\/wp\/v2\/comments?post=11430"}],"version-history":[{"count":9,"href":"https:\/\/dstoulouse.com\/fr\/wp-json\/wp\/v2\/pages\/11430\/revisions"}],"predecessor-version":[{"id":20526,"href":"https:\/\/dstoulouse.com\/fr\/wp-json\/wp\/v2\/pages\/11430\/revisions\/20526"}],"wp:featuredmedia":[{"embeddable":true,"href":"https:\/\/dstoulouse.com\/fr\/wp-json\/wp\/v2\/media\/11425"}],"wp:attachment":[{"href":"https:\/\/dstoulouse.com\/fr\/wp-json\/wp\/v2\/media?parent=11430"}],"curies":[{"name":"wp","href":"https:\/\/api.w.org\/{rel}","templated":true}]}}