{"id":18258,"date":"2024-04-26T14:57:30","date_gmt":"2024-04-26T12:57:30","guid":{"rendered":"https:\/\/dstoulouse.com\/?page_id=18258"},"modified":"2025-11-26T09:44:52","modified_gmt":"2025-11-26T08:44:52","slug":"inscription","status":"publish","type":"page","link":"https:\/\/dstoulouse.com\/fr\/inscription\/","title":{"rendered":"Inscription"},"content":{"rendered":"","protected":false},"excerpt":{"rendered":"","protected":false},"author":2,"featured_media":18259,"parent":0,"menu_order":0,"comment_status":"closed","ping_status":"closed","template":"","meta":{"_EventAllDay":false,"_EventTimezone":"","_EventStartDate":"","_EventEndDate":"","_EventStartDateUTC":"","_EventEndDateUTC":"","_EventShowMap":false,"_EventShowMapLink":false,"_EventURL":"","_EventCost":"","_EventCostDescription":"","_EventCurrencySymbol":"","_EventCurrencyCode":"","_EventCurrencyPosition":"","_EventDateTimeSeparator":"","_EventTimeRangeSeparator":"","_EventOrganizerID":[],"_EventVenueID":[],"_OrganizerEmail":"","_OrganizerPhone":"","_OrganizerWebsite":"","_VenueAddress":"","_VenueCity":"","_VenueCountry":"","_VenueProvince":"","_VenueState":"","_VenueZip":"","_VenuePhone":"","_VenueURL":"","_VenueStateProvince":"","_VenueLat":"","_VenueLng":"","_VenueShowMap":false,"_VenueShowMapLink":false,"iawp_total_views":2693,"footnotes":""},"class_list":["post-18258","page","type-page","status-publish","has-post-thumbnail","hentry"],"yoast_head":"<!-- This site is optimized with the Yoast SEO plugin v27.2 - https:\/\/yoast.com\/product\/yoast-seo-wordpress\/ -->\n<title>Deutsche Schule Toulouse - Inscription<\/title>\n<meta name=\"description\" content=\"Notre \u00e9ducation multilingue et le baccalaur\u00e9at allemand et fran\u00e7ais (AbiBac) permettent \u00e0 nos alumni d\u2019\u00e9tudier dans le monde entier et de leur assurer une carri\u00e8re professionnelle internationale \u00e9panouie.\" \/>\n<meta name=\"robots\" content=\"index, follow, max-snippet:-1, max-image-preview:large, max-video-preview:-1\" \/>\n<link rel=\"canonical\" href=\"https:\/\/dstoulouse.com\/fr\/inscription\/\" \/>\n<meta property=\"og:locale\" content=\"fr_FR\" \/>\n<meta property=\"og:type\" content=\"article\" \/>\n<meta property=\"og:title\" content=\"Deutsche Schule Toulouse - Inscription\" \/>\n<meta property=\"og:description\" content=\"Notre \u00e9ducation multilingue et le baccalaur\u00e9at allemand et fran\u00e7ais (AbiBac) permettent \u00e0 nos alumni d\u2019\u00e9tudier dans le monde entier et de leur assurer une carri\u00e8re professionnelle internationale \u00e9panouie.\" \/>\n<meta property=\"og:url\" content=\"https:\/\/dstoulouse.com\/fr\/inscription\/\" \/>\n<meta property=\"og:site_name\" content=\"Deutsche Schule Toulouse: Exzellente Deutsche Auslandsschule mit Kindergarten, Grundschule und weiterf&uuml;hrender Schule\" \/>\n<meta property=\"article:modified_time\" content=\"2025-11-26T08:44:52+00:00\" \/>\n<meta property=\"og:image\" content=\"https:\/\/dstoulouse.com\/wp-content\/uploads\/dst-grundschule-klassenzimmer-klasse5-mobile.jpg\" \/>\n\t<meta property=\"og:image:width\" content=\"400\" \/>\n\t<meta property=\"og:image:height\" content=\"500\" \/>\n\t<meta property=\"og:image:type\" content=\"image\/jpeg\" \/>\n<meta name=\"twitter:card\" content=\"summary_large_image\" \/>\n<meta name=\"twitter:label1\" content=\"Dur\u00e9e de lecture estim\u00e9e\" \/>\n\t<meta name=\"twitter:data1\" content=\"1 minute\" \/>\n<script type=\"application\/ld+json\" class=\"yoast-schema-graph\">{\"@context\":\"https:\/\/schema.org\",\"@graph\":[{\"@type\":\"WebPage\",\"@id\":\"https:\/\/dstoulouse.com\/fr\/inscription\/\",\"url\":\"https:\/\/dstoulouse.com\/fr\/inscription\/\",\"name\":\"Deutsche Schule Toulouse - Inscription\",\"isPartOf\":{\"@id\":\"https:\/\/dstoulouse.com\/#website\"},\"primaryImageOfPage\":{\"@id\":\"https:\/\/dstoulouse.com\/fr\/inscription\/#primaryimage\"},\"image\":{\"@id\":\"https:\/\/dstoulouse.com\/fr\/inscription\/#primaryimage\"},\"thumbnailUrl\":\"https:\/\/dstoulouse.com\/wp-content\/uploads\/dst-grundschule-klassenzimmer-klasse5-mobile.jpg\",\"datePublished\":\"2024-04-26T12:57:30+00:00\",\"dateModified\":\"2025-11-26T08:44:52+00:00\",\"description\":\"Notre \u00e9ducation multilingue et le baccalaur\u00e9at allemand et fran\u00e7ais (AbiBac) permettent \u00e0 nos alumni d\u2019\u00e9tudier dans le monde entier et de leur assurer une carri\u00e8re professionnelle internationale \u00e9panouie.\",\"breadcrumb\":{\"@id\":\"https:\/\/dstoulouse.com\/fr\/inscription\/#breadcrumb\"},\"inLanguage\":\"fr-FR\",\"potentialAction\":[{\"@type\":\"ReadAction\",\"target\":[\"https:\/\/dstoulouse.com\/fr\/inscription\/\"]}]},{\"@type\":\"ImageObject\",\"inLanguage\":\"fr-FR\",\"@id\":\"https:\/\/dstoulouse.com\/fr\/inscription\/#primaryimage\",\"url\":\"https:\/\/dstoulouse.com\/wp-content\/uploads\/dst-grundschule-klassenzimmer-klasse5-mobile.jpg\",\"contentUrl\":\"https:\/\/dstoulouse.com\/wp-content\/uploads\/dst-grundschule-klassenzimmer-klasse5-mobile.jpg\",\"width\":400,\"height\":500},{\"@type\":\"BreadcrumbList\",\"@id\":\"https:\/\/dstoulouse.com\/fr\/inscription\/#breadcrumb\",\"itemListElement\":[{\"@type\":\"ListItem\",\"position\":1,\"name\":\"Startseite\",\"item\":\"https:\/\/dstoulouse.com\/fr\/\"},{\"@type\":\"ListItem\",\"position\":2,\"name\":\"Inscription\"}]},{\"@type\":\"WebSite\",\"@id\":\"https:\/\/dstoulouse.com\/#website\",\"url\":\"https:\/\/dstoulouse.com\/\",\"name\":\"Deutsche Schule Toulouse: Exzellente Deutsche Auslandsschule mit Kindergarten, Grundschule und weiterf&uuml;hrender Schule\",\"description\":\"Wir bilden das Europa von morgen\",\"publisher\":{\"@id\":\"https:\/\/dstoulouse.com\/#organization\"},\"potentialAction\":[{\"@type\":\"SearchAction\",\"target\":{\"@type\":\"EntryPoint\",\"urlTemplate\":\"https:\/\/dstoulouse.com\/?s={search_term_string}\"},\"query-input\":{\"@type\":\"PropertyValueSpecification\",\"valueRequired\":true,\"valueName\":\"search_term_string\"}}],\"inLanguage\":\"fr-FR\"},{\"@type\":\"Organization\",\"@id\":\"https:\/\/dstoulouse.com\/#organization\",\"name\":\"Deutsche Schule Toulouse\",\"url\":\"https:\/\/dstoulouse.com\/\",\"logo\":{\"@type\":\"ImageObject\",\"inLanguage\":\"fr-FR\",\"@id\":\"https:\/\/dstoulouse.com\/#\/schema\/logo\/image\/\",\"url\":\"https:\/\/dstoulouse.com\/wp-content\/uploads\/dst-logo.jpg\",\"contentUrl\":\"https:\/\/dstoulouse.com\/wp-content\/uploads\/dst-logo.jpg\",\"width\":149,\"height\":107,\"caption\":\"Deutsche Schule Toulouse\"},\"image\":{\"@id\":\"https:\/\/dstoulouse.com\/#\/schema\/logo\/image\/\"}}]}<\/script>\n<!-- \/ Yoast SEO plugin. -->","yoast_head_json":{"title":"Deutsche Schule Toulouse - Inscription","description":"Notre \u00e9ducation multilingue et le baccalaur\u00e9at allemand et fran\u00e7ais (AbiBac) permettent \u00e0 nos alumni d\u2019\u00e9tudier dans le monde entier et de leur assurer une carri\u00e8re professionnelle internationale \u00e9panouie.","robots":{"index":"index","follow":"follow","max-snippet":"max-snippet:-1","max-image-preview":"max-image-preview:large","max-video-preview":"max-video-preview:-1"},"canonical":"https:\/\/dstoulouse.com\/fr\/inscription\/","og_locale":"fr_FR","og_type":"article","og_title":"Deutsche Schule Toulouse - Inscription","og_description":"Notre \u00e9ducation multilingue et le baccalaur\u00e9at allemand et fran\u00e7ais (AbiBac) permettent \u00e0 nos alumni d\u2019\u00e9tudier dans le monde entier et de leur assurer une carri\u00e8re professionnelle internationale \u00e9panouie.","og_url":"https:\/\/dstoulouse.com\/fr\/inscription\/","og_site_name":"Deutsche Schule Toulouse: Exzellente Deutsche Auslandsschule mit Kindergarten, Grundschule und weiterf&uuml;hrender Schule","article_modified_time":"2025-11-26T08:44:52+00:00","og_image":[{"width":400,"height":500,"url":"https:\/\/dstoulouse.com\/wp-content\/uploads\/dst-grundschule-klassenzimmer-klasse5-mobile.jpg","type":"image\/jpeg"}],"twitter_card":"summary_large_image","twitter_misc":{"Dur\u00e9e de lecture estim\u00e9e":"1 minute"},"schema":{"@context":"https:\/\/schema.org","@graph":[{"@type":"WebPage","@id":"https:\/\/dstoulouse.com\/fr\/inscription\/","url":"https:\/\/dstoulouse.com\/fr\/inscription\/","name":"Deutsche Schule Toulouse - Inscription","isPartOf":{"@id":"https:\/\/dstoulouse.com\/#website"},"primaryImageOfPage":{"@id":"https:\/\/dstoulouse.com\/fr\/inscription\/#primaryimage"},"image":{"@id":"https:\/\/dstoulouse.com\/fr\/inscription\/#primaryimage"},"thumbnailUrl":"https:\/\/dstoulouse.com\/wp-content\/uploads\/dst-grundschule-klassenzimmer-klasse5-mobile.jpg","datePublished":"2024-04-26T12:57:30+00:00","dateModified":"2025-11-26T08:44:52+00:00","description":"Notre \u00e9ducation multilingue et le baccalaur\u00e9at allemand et fran\u00e7ais (AbiBac) permettent \u00e0 nos alumni d\u2019\u00e9tudier dans le monde entier et de leur assurer une carri\u00e8re professionnelle internationale \u00e9panouie.","breadcrumb":{"@id":"https:\/\/dstoulouse.com\/fr\/inscription\/#breadcrumb"},"inLanguage":"fr-FR","potentialAction":[{"@type":"ReadAction","target":["https:\/\/dstoulouse.com\/fr\/inscription\/"]}]},{"@type":"ImageObject","inLanguage":"fr-FR","@id":"https:\/\/dstoulouse.com\/fr\/inscription\/#primaryimage","url":"https:\/\/dstoulouse.com\/wp-content\/uploads\/dst-grundschule-klassenzimmer-klasse5-mobile.jpg","contentUrl":"https:\/\/dstoulouse.com\/wp-content\/uploads\/dst-grundschule-klassenzimmer-klasse5-mobile.jpg","width":400,"height":500},{"@type":"BreadcrumbList","@id":"https:\/\/dstoulouse.com\/fr\/inscription\/#breadcrumb","itemListElement":[{"@type":"ListItem","position":1,"name":"Startseite","item":"https:\/\/dstoulouse.com\/fr\/"},{"@type":"ListItem","position":2,"name":"Inscription"}]},{"@type":"WebSite","@id":"https:\/\/dstoulouse.com\/#website","url":"https:\/\/dstoulouse.com\/","name":"Deutsche Schule Toulouse: Exzellente Deutsche Auslandsschule mit Kindergarten, Grundschule und weiterf&uuml;hrender Schule","description":"Wir bilden das Europa von morgen","publisher":{"@id":"https:\/\/dstoulouse.com\/#organization"},"potentialAction":[{"@type":"SearchAction","target":{"@type":"EntryPoint","urlTemplate":"https:\/\/dstoulouse.com\/?s={search_term_string}"},"query-input":{"@type":"PropertyValueSpecification","valueRequired":true,"valueName":"search_term_string"}}],"inLanguage":"fr-FR"},{"@type":"Organization","@id":"https:\/\/dstoulouse.com\/#organization","name":"Deutsche Schule Toulouse","url":"https:\/\/dstoulouse.com\/","logo":{"@type":"ImageObject","inLanguage":"fr-FR","@id":"https:\/\/dstoulouse.com\/#\/schema\/logo\/image\/","url":"https:\/\/dstoulouse.com\/wp-content\/uploads\/dst-logo.jpg","contentUrl":"https:\/\/dstoulouse.com\/wp-content\/uploads\/dst-logo.jpg","width":149,"height":107,"caption":"Deutsche Schule Toulouse"},"image":{"@id":"https:\/\/dstoulouse.com\/#\/schema\/logo\/image\/"}}]}},"_links":{"self":[{"href":"https:\/\/dstoulouse.com\/fr\/wp-json\/wp\/v2\/pages\/18258","targetHints":{"allow":["GET"]}}],"collection":[{"href":"https:\/\/dstoulouse.com\/fr\/wp-json\/wp\/v2\/pages"}],"about":[{"href":"https:\/\/dstoulouse.com\/fr\/wp-json\/wp\/v2\/types\/page"}],"author":[{"embeddable":true,"href":"https:\/\/dstoulouse.com\/fr\/wp-json\/wp\/v2\/users\/2"}],"replies":[{"embeddable":true,"href":"https:\/\/dstoulouse.com\/fr\/wp-json\/wp\/v2\/comments?post=18258"}],"version-history":[{"count":10,"href":"https:\/\/dstoulouse.com\/fr\/wp-json\/wp\/v2\/pages\/18258\/revisions"}],"predecessor-version":[{"id":21920,"href":"https:\/\/dstoulouse.com\/fr\/wp-json\/wp\/v2\/pages\/18258\/revisions\/21920"}],"wp:featuredmedia":[{"embeddable":true,"href":"https:\/\/dstoulouse.com\/fr\/wp-json\/wp\/v2\/media\/18259"}],"wp:attachment":[{"href":"https:\/\/dstoulouse.com\/fr\/wp-json\/wp\/v2\/media?parent=18258"}],"curies":[{"name":"wp","href":"https:\/\/api.w.org\/{rel}","templated":true}]}}