{"id":19708,"date":"2024-07-10T10:43:11","date_gmt":"2024-07-10T08:43:11","guid":{"rendered":"https:\/\/dstoulouse.com\/stimmen-zur-schule\/"},"modified":"2024-12-12T16:49:51","modified_gmt":"2024-12-12T15:49:51","slug":"ils-ont-la-parole","status":"publish","type":"page","link":"https:\/\/dstoulouse.com\/fr\/ils-ont-la-parole\/","title":{"rendered":"Ils ont la Parole"},"content":{"rendered":"","protected":false},"excerpt":{"rendered":"","protected":false},"author":2,"featured_media":0,"parent":0,"menu_order":0,"comment_status":"closed","ping_status":"closed","template":"","meta":{"_EventAllDay":false,"_EventTimezone":"","_EventStartDate":"","_EventEndDate":"","_EventStartDateUTC":"","_EventEndDateUTC":"","_EventShowMap":false,"_EventShowMapLink":false,"_EventURL":"","_EventCost":"","_EventCostDescription":"","_EventCurrencySymbol":"","_EventCurrencyCode":"","_EventCurrencyPosition":"","_EventDateTimeSeparator":"","_EventTimeRangeSeparator":"","_EventOrganizerID":[],"_EventVenueID":[],"_OrganizerEmail":"","_OrganizerPhone":"","_OrganizerWebsite":"","_VenueAddress":"","_VenueCity":"","_VenueCountry":"","_VenueProvince":"","_VenueState":"","_VenueZip":"","_VenuePhone":"","_VenueURL":"","_VenueStateProvince":"","_VenueLat":"","_VenueLng":"","_VenueShowMap":false,"_VenueShowMapLink":false,"iawp_total_views":173,"footnotes":""},"class_list":["post-19708","page","type-page","status-publish","hentry"],"yoast_head":"<!-- This site is optimized with the Yoast SEO plugin v27.2 - https:\/\/yoast.com\/product\/yoast-seo-wordpress\/ -->\n<title>Deusche Schule Toulouse - Ils ont la Parole<\/title>\n<meta name=\"description\" content=\"Ce qui rend l&#039;\u00e9cole allemande de Toulouse sp\u00e9ciale \u00e0 nos yeux : les parents, le personnel et les \u00e9l\u00e8ves ont la parole.\" \/>\n<meta name=\"robots\" content=\"index, follow, max-snippet:-1, max-image-preview:large, max-video-preview:-1\" \/>\n<link rel=\"canonical\" href=\"https:\/\/dstoulouse.com\/fr\/ils-ont-la-parole\/\" \/>\n<meta property=\"og:locale\" content=\"fr_FR\" \/>\n<meta property=\"og:type\" content=\"article\" \/>\n<meta property=\"og:title\" content=\"Deusche Schule Toulouse - Ils ont la Parole\" \/>\n<meta property=\"og:description\" content=\"Ce qui rend l&#039;\u00e9cole allemande de Toulouse sp\u00e9ciale \u00e0 nos yeux : les parents, le personnel et les \u00e9l\u00e8ves ont la parole.\" \/>\n<meta property=\"og:url\" content=\"https:\/\/dstoulouse.com\/fr\/ils-ont-la-parole\/\" \/>\n<meta property=\"og:site_name\" content=\"Deutsche Schule Toulouse: Exzellente Deutsche Auslandsschule mit Kindergarten, Grundschule und weiterf&uuml;hrender Schule\" \/>\n<meta property=\"article:modified_time\" content=\"2024-12-12T15:49:51+00:00\" \/>\n<meta name=\"twitter:card\" content=\"summary_large_image\" \/>\n<script type=\"application\/ld+json\" class=\"yoast-schema-graph\">{\"@context\":\"https:\/\/schema.org\",\"@graph\":[{\"@type\":\"WebPage\",\"@id\":\"https:\/\/dstoulouse.com\/fr\/ils-ont-la-parole\/\",\"url\":\"https:\/\/dstoulouse.com\/fr\/ils-ont-la-parole\/\",\"name\":\"Deusche Schule Toulouse - Ils ont la Parole\",\"isPartOf\":{\"@id\":\"https:\/\/dstoulouse.com\/#website\"},\"datePublished\":\"2024-07-10T08:43:11+00:00\",\"dateModified\":\"2024-12-12T15:49:51+00:00\",\"description\":\"Ce qui rend l'\u00e9cole allemande de Toulouse sp\u00e9ciale \u00e0 nos yeux : les parents, le personnel et les \u00e9l\u00e8ves ont la parole.\",\"breadcrumb\":{\"@id\":\"https:\/\/dstoulouse.com\/fr\/ils-ont-la-parole\/#breadcrumb\"},\"inLanguage\":\"fr-FR\",\"potentialAction\":[{\"@type\":\"ReadAction\",\"target\":[\"https:\/\/dstoulouse.com\/fr\/ils-ont-la-parole\/\"]}]},{\"@type\":\"BreadcrumbList\",\"@id\":\"https:\/\/dstoulouse.com\/fr\/ils-ont-la-parole\/#breadcrumb\",\"itemListElement\":[{\"@type\":\"ListItem\",\"position\":1,\"name\":\"Startseite\",\"item\":\"https:\/\/dstoulouse.com\/fr\/\"},{\"@type\":\"ListItem\",\"position\":2,\"name\":\"Ils ont la Parole\"}]},{\"@type\":\"WebSite\",\"@id\":\"https:\/\/dstoulouse.com\/#website\",\"url\":\"https:\/\/dstoulouse.com\/\",\"name\":\"Deutsche Schule Toulouse: Exzellente Deutsche Auslandsschule mit Kindergarten, Grundschule und weiterf&uuml;hrender Schule\",\"description\":\"Wir bilden das Europa von morgen\",\"publisher\":{\"@id\":\"https:\/\/dstoulouse.com\/#organization\"},\"potentialAction\":[{\"@type\":\"SearchAction\",\"target\":{\"@type\":\"EntryPoint\",\"urlTemplate\":\"https:\/\/dstoulouse.com\/?s={search_term_string}\"},\"query-input\":{\"@type\":\"PropertyValueSpecification\",\"valueRequired\":true,\"valueName\":\"search_term_string\"}}],\"inLanguage\":\"fr-FR\"},{\"@type\":\"Organization\",\"@id\":\"https:\/\/dstoulouse.com\/#organization\",\"name\":\"Deutsche Schule Toulouse\",\"url\":\"https:\/\/dstoulouse.com\/\",\"logo\":{\"@type\":\"ImageObject\",\"inLanguage\":\"fr-FR\",\"@id\":\"https:\/\/dstoulouse.com\/#\/schema\/logo\/image\/\",\"url\":\"https:\/\/dstoulouse.com\/wp-content\/uploads\/dst-logo.jpg\",\"contentUrl\":\"https:\/\/dstoulouse.com\/wp-content\/uploads\/dst-logo.jpg\",\"width\":149,\"height\":107,\"caption\":\"Deutsche Schule Toulouse\"},\"image\":{\"@id\":\"https:\/\/dstoulouse.com\/#\/schema\/logo\/image\/\"}}]}<\/script>\n<!-- \/ Yoast SEO plugin. -->","yoast_head_json":{"title":"Deusche Schule Toulouse - Ils ont la Parole","description":"Ce qui rend l'\u00e9cole allemande de Toulouse sp\u00e9ciale \u00e0 nos yeux : les parents, le personnel et les \u00e9l\u00e8ves ont la parole.","robots":{"index":"index","follow":"follow","max-snippet":"max-snippet:-1","max-image-preview":"max-image-preview:large","max-video-preview":"max-video-preview:-1"},"canonical":"https:\/\/dstoulouse.com\/fr\/ils-ont-la-parole\/","og_locale":"fr_FR","og_type":"article","og_title":"Deusche Schule Toulouse - Ils ont la Parole","og_description":"Ce qui rend l'\u00e9cole allemande de Toulouse sp\u00e9ciale \u00e0 nos yeux : les parents, le personnel et les \u00e9l\u00e8ves ont la parole.","og_url":"https:\/\/dstoulouse.com\/fr\/ils-ont-la-parole\/","og_site_name":"Deutsche Schule Toulouse: Exzellente Deutsche Auslandsschule mit Kindergarten, Grundschule und weiterf&uuml;hrender Schule","article_modified_time":"2024-12-12T15:49:51+00:00","twitter_card":"summary_large_image","schema":{"@context":"https:\/\/schema.org","@graph":[{"@type":"WebPage","@id":"https:\/\/dstoulouse.com\/fr\/ils-ont-la-parole\/","url":"https:\/\/dstoulouse.com\/fr\/ils-ont-la-parole\/","name":"Deusche Schule Toulouse - Ils ont la Parole","isPartOf":{"@id":"https:\/\/dstoulouse.com\/#website"},"datePublished":"2024-07-10T08:43:11+00:00","dateModified":"2024-12-12T15:49:51+00:00","description":"Ce qui rend l'\u00e9cole allemande de Toulouse sp\u00e9ciale \u00e0 nos yeux : les parents, le personnel et les \u00e9l\u00e8ves ont la parole.","breadcrumb":{"@id":"https:\/\/dstoulouse.com\/fr\/ils-ont-la-parole\/#breadcrumb"},"inLanguage":"fr-FR","potentialAction":[{"@type":"ReadAction","target":["https:\/\/dstoulouse.com\/fr\/ils-ont-la-parole\/"]}]},{"@type":"BreadcrumbList","@id":"https:\/\/dstoulouse.com\/fr\/ils-ont-la-parole\/#breadcrumb","itemListElement":[{"@type":"ListItem","position":1,"name":"Startseite","item":"https:\/\/dstoulouse.com\/fr\/"},{"@type":"ListItem","position":2,"name":"Ils ont la Parole"}]},{"@type":"WebSite","@id":"https:\/\/dstoulouse.com\/#website","url":"https:\/\/dstoulouse.com\/","name":"Deutsche Schule Toulouse: Exzellente Deutsche Auslandsschule mit Kindergarten, Grundschule und weiterf&uuml;hrender Schule","description":"Wir bilden das Europa von morgen","publisher":{"@id":"https:\/\/dstoulouse.com\/#organization"},"potentialAction":[{"@type":"SearchAction","target":{"@type":"EntryPoint","urlTemplate":"https:\/\/dstoulouse.com\/?s={search_term_string}"},"query-input":{"@type":"PropertyValueSpecification","valueRequired":true,"valueName":"search_term_string"}}],"inLanguage":"fr-FR"},{"@type":"Organization","@id":"https:\/\/dstoulouse.com\/#organization","name":"Deutsche Schule Toulouse","url":"https:\/\/dstoulouse.com\/","logo":{"@type":"ImageObject","inLanguage":"fr-FR","@id":"https:\/\/dstoulouse.com\/#\/schema\/logo\/image\/","url":"https:\/\/dstoulouse.com\/wp-content\/uploads\/dst-logo.jpg","contentUrl":"https:\/\/dstoulouse.com\/wp-content\/uploads\/dst-logo.jpg","width":149,"height":107,"caption":"Deutsche Schule Toulouse"},"image":{"@id":"https:\/\/dstoulouse.com\/#\/schema\/logo\/image\/"}}]}},"_links":{"self":[{"href":"https:\/\/dstoulouse.com\/fr\/wp-json\/wp\/v2\/pages\/19708","targetHints":{"allow":["GET"]}}],"collection":[{"href":"https:\/\/dstoulouse.com\/fr\/wp-json\/wp\/v2\/pages"}],"about":[{"href":"https:\/\/dstoulouse.com\/fr\/wp-json\/wp\/v2\/types\/page"}],"author":[{"embeddable":true,"href":"https:\/\/dstoulouse.com\/fr\/wp-json\/wp\/v2\/users\/2"}],"replies":[{"embeddable":true,"href":"https:\/\/dstoulouse.com\/fr\/wp-json\/wp\/v2\/comments?post=19708"}],"version-history":[{"count":6,"href":"https:\/\/dstoulouse.com\/fr\/wp-json\/wp\/v2\/pages\/19708\/revisions"}],"predecessor-version":[{"id":19851,"href":"https:\/\/dstoulouse.com\/fr\/wp-json\/wp\/v2\/pages\/19708\/revisions\/19851"}],"wp:attachment":[{"href":"https:\/\/dstoulouse.com\/fr\/wp-json\/wp\/v2\/media?parent=19708"}],"curies":[{"name":"wp","href":"https:\/\/api.w.org\/{rel}","templated":true}]}}