{"id":2934,"date":"2019-11-07T12:32:42","date_gmt":"2019-11-07T11:32:42","guid":{"rendered":"https:\/\/dstoulouse.com\/kontakt\/"},"modified":"2024-12-10T08:24:28","modified_gmt":"2024-12-10T07:24:28","slug":"contact","status":"publish","type":"page","link":"https:\/\/dstoulouse.com\/fr\/contact\/","title":{"rendered":"Contact"},"content":{"rendered":"","protected":false},"excerpt":{"rendered":"<p>Liebe Eltern,<\/p>\n<p>die Deutsche Schule Toulouse ist eine Schule f\u00fcr alle. Seit \u00fcber 45 Jahren widmen wir uns der Aufgabe des Unterrichts und der Erziehung junger Menschen. Verantwortungsbewusst, qualifiziert und weltoffenen.<\/p>\n","protected":false},"author":3,"featured_media":0,"parent":0,"menu_order":0,"comment_status":"closed","ping_status":"closed","template":"","meta":{"_EventAllDay":false,"_EventTimezone":"","_EventStartDate":"","_EventEndDate":"","_EventStartDateUTC":"","_EventEndDateUTC":"","_EventShowMap":false,"_EventShowMapLink":false,"_EventURL":"","_EventCost":"","_EventCostDescription":"","_EventCurrencySymbol":"","_EventCurrencyCode":"","_EventCurrencyPosition":"","_EventDateTimeSeparator":"","_EventTimeRangeSeparator":"","_EventOrganizerID":[],"_EventVenueID":[],"_OrganizerEmail":"","_OrganizerPhone":"","_OrganizerWebsite":"","_VenueAddress":"","_VenueCity":"","_VenueCountry":"","_VenueProvince":"","_VenueState":"","_VenueZip":"","_VenuePhone":"","_VenueURL":"","_VenueStateProvince":"","_VenueLat":"","_VenueLng":"","_VenueShowMap":false,"_VenueShowMapLink":false,"iawp_total_views":451,"footnotes":""},"class_list":["post-2934","page","type-page","status-publish","hentry"],"yoast_head":"<!-- This site is optimized with the Yoast SEO plugin v27.2 - https:\/\/yoast.com\/product\/yoast-seo-wordpress\/ -->\n<title>Deusche Schule Toulouse - Contact<\/title>\n<meta name=\"description\" content=\"Si n\u00e9cessaire, veuillez contacter directement le d\u00e9partement de l\u2019\u00e9cole. \u00c8cole maternelle, Directrice : Mme Sch\u00f6ner-Memain+33 (0) 5 67 73 29 03 - E-Mail: kindergarten@dstoulouse.com; \u00c9cole \u00e9l\u00e9mentaire, Directrice: Mme Messner+33 (0) 5 67 73 29 04 E-Mail: grundschule@dstoulouse.com; Enseignement secondaire, Secr\u00e9tariat : Mme Kn\u00fcppel \/ Mme Noack+33 (0) 5 67 73 29 20 E-Mail: dstoulouse@dstoulouse.com\" \/>\n<meta name=\"robots\" content=\"index, follow, max-snippet:-1, max-image-preview:large, max-video-preview:-1\" \/>\n<link rel=\"canonical\" href=\"https:\/\/dstoulouse.com\/fr\/contact\/\" \/>\n<meta property=\"og:locale\" content=\"fr_FR\" \/>\n<meta property=\"og:type\" content=\"article\" \/>\n<meta property=\"og:title\" content=\"Deusche Schule Toulouse - Contact\" \/>\n<meta property=\"og:description\" content=\"Si n\u00e9cessaire, veuillez contacter directement le d\u00e9partement de l\u2019\u00e9cole. \u00c8cole maternelle, Directrice : Mme Sch\u00f6ner-Memain+33 (0) 5 67 73 29 03 - E-Mail: kindergarten@dstoulouse.com; \u00c9cole \u00e9l\u00e9mentaire, Directrice: Mme Messner+33 (0) 5 67 73 29 04 E-Mail: grundschule@dstoulouse.com; Enseignement secondaire, Secr\u00e9tariat : Mme Kn\u00fcppel \/ Mme Noack+33 (0) 5 67 73 29 20 E-Mail: dstoulouse@dstoulouse.com\" \/>\n<meta property=\"og:url\" content=\"https:\/\/dstoulouse.com\/fr\/contact\/\" \/>\n<meta property=\"og:site_name\" content=\"Deutsche Schule Toulouse: Exzellente Deutsche Auslandsschule mit Kindergarten, Grundschule und weiterf&uuml;hrender Schule\" \/>\n<meta property=\"article:modified_time\" content=\"2024-12-10T07:24:28+00:00\" \/>\n<meta name=\"twitter:card\" content=\"summary_large_image\" \/>\n<script type=\"application\/ld+json\" class=\"yoast-schema-graph\">{\"@context\":\"https:\/\/schema.org\",\"@graph\":[{\"@type\":\"WebPage\",\"@id\":\"https:\/\/dstoulouse.com\/fr\/contact\/\",\"url\":\"https:\/\/dstoulouse.com\/fr\/contact\/\",\"name\":\"Deusche Schule Toulouse - Contact\",\"isPartOf\":{\"@id\":\"https:\/\/dstoulouse.com\/#website\"},\"datePublished\":\"2019-11-07T11:32:42+00:00\",\"dateModified\":\"2024-12-10T07:24:28+00:00\",\"description\":\"Si n\u00e9cessaire, veuillez contacter directement le d\u00e9partement de l\u2019\u00e9cole. \u00c8cole maternelle, Directrice : Mme Sch\u00f6ner-Memain+33 (0) 5 67 73 29 03 - E-Mail: kindergarten@dstoulouse.com; \u00c9cole \u00e9l\u00e9mentaire, Directrice: Mme Messner+33 (0) 5 67 73 29 04 E-Mail: grundschule@dstoulouse.com; Enseignement secondaire, Secr\u00e9tariat : Mme Kn\u00fcppel \/ Mme Noack+33 (0) 5 67 73 29 20 E-Mail: dstoulouse@dstoulouse.com\",\"breadcrumb\":{\"@id\":\"https:\/\/dstoulouse.com\/fr\/contact\/#breadcrumb\"},\"inLanguage\":\"fr-FR\",\"potentialAction\":[{\"@type\":\"ReadAction\",\"target\":[\"https:\/\/dstoulouse.com\/fr\/contact\/\"]}]},{\"@type\":\"BreadcrumbList\",\"@id\":\"https:\/\/dstoulouse.com\/fr\/contact\/#breadcrumb\",\"itemListElement\":[{\"@type\":\"ListItem\",\"position\":1,\"name\":\"Startseite\",\"item\":\"https:\/\/dstoulouse.com\/fr\/\"},{\"@type\":\"ListItem\",\"position\":2,\"name\":\"Contact\"}]},{\"@type\":\"WebSite\",\"@id\":\"https:\/\/dstoulouse.com\/#website\",\"url\":\"https:\/\/dstoulouse.com\/\",\"name\":\"Deutsche Schule Toulouse: Exzellente Deutsche Auslandsschule mit Kindergarten, Grundschule und weiterf&uuml;hrender Schule\",\"description\":\"Wir bilden das Europa von morgen\",\"publisher\":{\"@id\":\"https:\/\/dstoulouse.com\/#organization\"},\"potentialAction\":[{\"@type\":\"SearchAction\",\"target\":{\"@type\":\"EntryPoint\",\"urlTemplate\":\"https:\/\/dstoulouse.com\/?s={search_term_string}\"},\"query-input\":{\"@type\":\"PropertyValueSpecification\",\"valueRequired\":true,\"valueName\":\"search_term_string\"}}],\"inLanguage\":\"fr-FR\"},{\"@type\":\"Organization\",\"@id\":\"https:\/\/dstoulouse.com\/#organization\",\"name\":\"Deutsche Schule Toulouse\",\"url\":\"https:\/\/dstoulouse.com\/\",\"logo\":{\"@type\":\"ImageObject\",\"inLanguage\":\"fr-FR\",\"@id\":\"https:\/\/dstoulouse.com\/#\/schema\/logo\/image\/\",\"url\":\"https:\/\/dstoulouse.com\/wp-content\/uploads\/dst-logo.jpg\",\"contentUrl\":\"https:\/\/dstoulouse.com\/wp-content\/uploads\/dst-logo.jpg\",\"width\":149,\"height\":107,\"caption\":\"Deutsche Schule Toulouse\"},\"image\":{\"@id\":\"https:\/\/dstoulouse.com\/#\/schema\/logo\/image\/\"}}]}<\/script>\n<!-- \/ Yoast SEO plugin. -->","yoast_head_json":{"title":"Deusche Schule Toulouse - Contact","description":"Si n\u00e9cessaire, veuillez contacter directement le d\u00e9partement de l\u2019\u00e9cole. \u00c8cole maternelle, Directrice : Mme Sch\u00f6ner-Memain+33 (0) 5 67 73 29 03 - E-Mail: kindergarten@dstoulouse.com; \u00c9cole \u00e9l\u00e9mentaire, Directrice: Mme Messner+33 (0) 5 67 73 29 04 E-Mail: grundschule@dstoulouse.com; Enseignement secondaire, Secr\u00e9tariat : Mme Kn\u00fcppel \/ Mme Noack+33 (0) 5 67 73 29 20 E-Mail: dstoulouse@dstoulouse.com","robots":{"index":"index","follow":"follow","max-snippet":"max-snippet:-1","max-image-preview":"max-image-preview:large","max-video-preview":"max-video-preview:-1"},"canonical":"https:\/\/dstoulouse.com\/fr\/contact\/","og_locale":"fr_FR","og_type":"article","og_title":"Deusche Schule Toulouse - Contact","og_description":"Si n\u00e9cessaire, veuillez contacter directement le d\u00e9partement de l\u2019\u00e9cole. \u00c8cole maternelle, Directrice : Mme Sch\u00f6ner-Memain+33 (0) 5 67 73 29 03 - E-Mail: kindergarten@dstoulouse.com; \u00c9cole \u00e9l\u00e9mentaire, Directrice: Mme Messner+33 (0) 5 67 73 29 04 E-Mail: grundschule@dstoulouse.com; Enseignement secondaire, Secr\u00e9tariat : Mme Kn\u00fcppel \/ Mme Noack+33 (0) 5 67 73 29 20 E-Mail: dstoulouse@dstoulouse.com","og_url":"https:\/\/dstoulouse.com\/fr\/contact\/","og_site_name":"Deutsche Schule Toulouse: Exzellente Deutsche Auslandsschule mit Kindergarten, Grundschule und weiterf&uuml;hrender Schule","article_modified_time":"2024-12-10T07:24:28+00:00","twitter_card":"summary_large_image","schema":{"@context":"https:\/\/schema.org","@graph":[{"@type":"WebPage","@id":"https:\/\/dstoulouse.com\/fr\/contact\/","url":"https:\/\/dstoulouse.com\/fr\/contact\/","name":"Deusche Schule Toulouse - Contact","isPartOf":{"@id":"https:\/\/dstoulouse.com\/#website"},"datePublished":"2019-11-07T11:32:42+00:00","dateModified":"2024-12-10T07:24:28+00:00","description":"Si n\u00e9cessaire, veuillez contacter directement le d\u00e9partement de l\u2019\u00e9cole. \u00c8cole maternelle, Directrice : Mme Sch\u00f6ner-Memain+33 (0) 5 67 73 29 03 - E-Mail: kindergarten@dstoulouse.com; \u00c9cole \u00e9l\u00e9mentaire, Directrice: Mme Messner+33 (0) 5 67 73 29 04 E-Mail: grundschule@dstoulouse.com; Enseignement secondaire, Secr\u00e9tariat : Mme Kn\u00fcppel \/ Mme Noack+33 (0) 5 67 73 29 20 E-Mail: dstoulouse@dstoulouse.com","breadcrumb":{"@id":"https:\/\/dstoulouse.com\/fr\/contact\/#breadcrumb"},"inLanguage":"fr-FR","potentialAction":[{"@type":"ReadAction","target":["https:\/\/dstoulouse.com\/fr\/contact\/"]}]},{"@type":"BreadcrumbList","@id":"https:\/\/dstoulouse.com\/fr\/contact\/#breadcrumb","itemListElement":[{"@type":"ListItem","position":1,"name":"Startseite","item":"https:\/\/dstoulouse.com\/fr\/"},{"@type":"ListItem","position":2,"name":"Contact"}]},{"@type":"WebSite","@id":"https:\/\/dstoulouse.com\/#website","url":"https:\/\/dstoulouse.com\/","name":"Deutsche Schule Toulouse: Exzellente Deutsche Auslandsschule mit Kindergarten, Grundschule und weiterf&uuml;hrender Schule","description":"Wir bilden das Europa von morgen","publisher":{"@id":"https:\/\/dstoulouse.com\/#organization"},"potentialAction":[{"@type":"SearchAction","target":{"@type":"EntryPoint","urlTemplate":"https:\/\/dstoulouse.com\/?s={search_term_string}"},"query-input":{"@type":"PropertyValueSpecification","valueRequired":true,"valueName":"search_term_string"}}],"inLanguage":"fr-FR"},{"@type":"Organization","@id":"https:\/\/dstoulouse.com\/#organization","name":"Deutsche Schule Toulouse","url":"https:\/\/dstoulouse.com\/","logo":{"@type":"ImageObject","inLanguage":"fr-FR","@id":"https:\/\/dstoulouse.com\/#\/schema\/logo\/image\/","url":"https:\/\/dstoulouse.com\/wp-content\/uploads\/dst-logo.jpg","contentUrl":"https:\/\/dstoulouse.com\/wp-content\/uploads\/dst-logo.jpg","width":149,"height":107,"caption":"Deutsche Schule Toulouse"},"image":{"@id":"https:\/\/dstoulouse.com\/#\/schema\/logo\/image\/"}}]}},"_links":{"self":[{"href":"https:\/\/dstoulouse.com\/fr\/wp-json\/wp\/v2\/pages\/2934","targetHints":{"allow":["GET"]}}],"collection":[{"href":"https:\/\/dstoulouse.com\/fr\/wp-json\/wp\/v2\/pages"}],"about":[{"href":"https:\/\/dstoulouse.com\/fr\/wp-json\/wp\/v2\/types\/page"}],"author":[{"embeddable":true,"href":"https:\/\/dstoulouse.com\/fr\/wp-json\/wp\/v2\/users\/3"}],"replies":[{"embeddable":true,"href":"https:\/\/dstoulouse.com\/fr\/wp-json\/wp\/v2\/comments?post=2934"}],"version-history":[{"count":2,"href":"https:\/\/dstoulouse.com\/fr\/wp-json\/wp\/v2\/pages\/2934\/revisions"}],"predecessor-version":[{"id":19796,"href":"https:\/\/dstoulouse.com\/fr\/wp-json\/wp\/v2\/pages\/2934\/revisions\/19796"}],"wp:attachment":[{"href":"https:\/\/dstoulouse.com\/fr\/wp-json\/wp\/v2\/media?parent=2934"}],"curies":[{"name":"wp","href":"https:\/\/api.w.org\/{rel}","templated":true}]}}