{"id":3617,"date":"2019-08-15T09:39:14","date_gmt":"2019-08-15T07:39:14","guid":{"rendered":"https:\/\/dstoulouse.com\/kindergarten\/"},"modified":"2025-09-15T08:23:36","modified_gmt":"2025-09-15T06:23:36","slug":"ecole-maternelle","status":"publish","type":"page","link":"https:\/\/dstoulouse.com\/fr\/ecole-maternelle\/","title":{"rendered":"\u00c9cole maternelle"},"content":{"rendered":"","protected":false},"excerpt":{"rendered":"","protected":false},"author":3,"featured_media":3619,"parent":0,"menu_order":0,"comment_status":"closed","ping_status":"closed","template":"","meta":{"_EventAllDay":false,"_EventTimezone":"","_EventStartDate":"","_EventEndDate":"","_EventStartDateUTC":"","_EventEndDateUTC":"","_EventShowMap":false,"_EventShowMapLink":false,"_EventURL":"","_EventCost":"","_EventCostDescription":"","_EventCurrencySymbol":"","_EventCurrencyCode":"","_EventCurrencyPosition":"","_EventDateTimeSeparator":"","_EventTimeRangeSeparator":"","_EventOrganizerID":[],"_EventVenueID":[],"_OrganizerEmail":"","_OrganizerPhone":"","_OrganizerWebsite":"","_VenueAddress":"","_VenueCity":"","_VenueCountry":"","_VenueProvince":"","_VenueState":"","_VenueZip":"","_VenuePhone":"","_VenueURL":"","_VenueStateProvince":"","_VenueLat":"","_VenueLng":"","_VenueShowMap":false,"_VenueShowMapLink":false,"iawp_total_views":1248,"footnotes":""},"class_list":["post-3617","page","type-page","status-publish","has-post-thumbnail","hentry"],"yoast_head":"<!-- This site is optimized with the Yoast SEO plugin v27.2 - https:\/\/yoast.com\/product\/yoast-seo-wordpress\/ -->\n<title>Deusche Schule Toulouse - \u00c9cole maternelle \/ Kindergarten<\/title>\n<meta name=\"description\" content=\"\u00c9cole maternelle allemande (le \u00ab Kindergarten \u00bb) avec un environnement interculturel.Chez nous, les enfants de deux \u00e0 six ans sont instruits, soutenus et accom\u00adpag\u00adn\u00e9s jusqu\u2019\u00e0 leur entr\u00e9e \u00e0 l\u2019\u00e9cole \u00e9l\u00e9mentaire.\" \/>\n<meta name=\"robots\" content=\"index, follow, max-snippet:-1, max-image-preview:large, max-video-preview:-1\" \/>\n<link rel=\"canonical\" href=\"https:\/\/dstoulouse.com\/fr\/ecole-maternelle\/\" \/>\n<meta property=\"og:locale\" content=\"fr_FR\" \/>\n<meta property=\"og:type\" content=\"article\" \/>\n<meta property=\"og:title\" content=\"Deusche Schule Toulouse - \u00c9cole maternelle \/ Kindergarten\" \/>\n<meta property=\"og:description\" content=\"\u00c9cole maternelle allemande (le \u00ab Kindergarten \u00bb) avec un environnement interculturel.Chez nous, les enfants de deux \u00e0 six ans sont instruits, soutenus et accom\u00adpag\u00adn\u00e9s jusqu\u2019\u00e0 leur entr\u00e9e \u00e0 l\u2019\u00e9cole \u00e9l\u00e9mentaire.\" \/>\n<meta property=\"og:url\" content=\"https:\/\/dstoulouse.com\/fr\/ecole-maternelle\/\" \/>\n<meta property=\"og:site_name\" content=\"Deutsche Schule Toulouse: Exzellente Deutsche Auslandsschule mit Kindergarten, Grundschule und weiterf&uuml;hrender Schule\" \/>\n<meta property=\"article:modified_time\" content=\"2025-09-15T06:23:36+00:00\" \/>\n<meta property=\"og:image\" content=\"https:\/\/dstoulouse.com\/wp-content\/uploads\/dst_kindergarten_kreis-schueler_fotografin-nicole-knueppel.jpg\" \/>\n\t<meta property=\"og:image:width\" content=\"400\" \/>\n\t<meta property=\"og:image:height\" content=\"240\" \/>\n\t<meta property=\"og:image:type\" content=\"image\/jpeg\" \/>\n<meta name=\"twitter:card\" content=\"summary_large_image\" \/>\n<meta name=\"twitter:label1\" content=\"Dur\u00e9e de lecture estim\u00e9e\" \/>\n\t<meta name=\"twitter:data1\" content=\"1 minute\" \/>\n<script type=\"application\/ld+json\" class=\"yoast-schema-graph\">{\"@context\":\"https:\/\/schema.org\",\"@graph\":[{\"@type\":\"WebPage\",\"@id\":\"https:\/\/dstoulouse.com\/fr\/ecole-maternelle\/\",\"url\":\"https:\/\/dstoulouse.com\/fr\/ecole-maternelle\/\",\"name\":\"Deusche Schule Toulouse - \u00c9cole maternelle \/ Kindergarten\",\"isPartOf\":{\"@id\":\"https:\/\/dstoulouse.com\/#website\"},\"primaryImageOfPage\":{\"@id\":\"https:\/\/dstoulouse.com\/fr\/ecole-maternelle\/#primaryimage\"},\"image\":{\"@id\":\"https:\/\/dstoulouse.com\/fr\/ecole-maternelle\/#primaryimage\"},\"thumbnailUrl\":\"https:\/\/dstoulouse.com\/wp-content\/uploads\/dst_kindergarten_kreis-schueler_fotografin-nicole-knueppel.jpg\",\"datePublished\":\"2019-08-15T07:39:14+00:00\",\"dateModified\":\"2025-09-15T06:23:36+00:00\",\"description\":\"\u00c9cole maternelle allemande (le \u00ab Kindergarten \u00bb) avec un environnement interculturel.Chez nous, les enfants de deux \u00e0 six ans sont instruits, soutenus et accom\u00adpag\u00adn\u00e9s jusqu\u2019\u00e0 leur entr\u00e9e \u00e0 l\u2019\u00e9cole \u00e9l\u00e9mentaire.\",\"breadcrumb\":{\"@id\":\"https:\/\/dstoulouse.com\/fr\/ecole-maternelle\/#breadcrumb\"},\"inLanguage\":\"fr-FR\",\"potentialAction\":[{\"@type\":\"ReadAction\",\"target\":[\"https:\/\/dstoulouse.com\/fr\/ecole-maternelle\/\"]}]},{\"@type\":\"ImageObject\",\"inLanguage\":\"fr-FR\",\"@id\":\"https:\/\/dstoulouse.com\/fr\/ecole-maternelle\/#primaryimage\",\"url\":\"https:\/\/dstoulouse.com\/wp-content\/uploads\/dst_kindergarten_kreis-schueler_fotografin-nicole-knueppel.jpg\",\"contentUrl\":\"https:\/\/dstoulouse.com\/wp-content\/uploads\/dst_kindergarten_kreis-schueler_fotografin-nicole-knueppel.jpg\",\"width\":400,\"height\":240},{\"@type\":\"BreadcrumbList\",\"@id\":\"https:\/\/dstoulouse.com\/fr\/ecole-maternelle\/#breadcrumb\",\"itemListElement\":[{\"@type\":\"ListItem\",\"position\":1,\"name\":\"Startseite\",\"item\":\"https:\/\/dstoulouse.com\/fr\/\"},{\"@type\":\"ListItem\",\"position\":2,\"name\":\"\u00c9cole maternelle\"}]},{\"@type\":\"WebSite\",\"@id\":\"https:\/\/dstoulouse.com\/#website\",\"url\":\"https:\/\/dstoulouse.com\/\",\"name\":\"Deutsche Schule Toulouse: Exzellente Deutsche Auslandsschule mit Kindergarten, Grundschule und weiterf&uuml;hrender Schule\",\"description\":\"Wir bilden das Europa von morgen\",\"publisher\":{\"@id\":\"https:\/\/dstoulouse.com\/#organization\"},\"potentialAction\":[{\"@type\":\"SearchAction\",\"target\":{\"@type\":\"EntryPoint\",\"urlTemplate\":\"https:\/\/dstoulouse.com\/?s={search_term_string}\"},\"query-input\":{\"@type\":\"PropertyValueSpecification\",\"valueRequired\":true,\"valueName\":\"search_term_string\"}}],\"inLanguage\":\"fr-FR\"},{\"@type\":\"Organization\",\"@id\":\"https:\/\/dstoulouse.com\/#organization\",\"name\":\"Deutsche Schule Toulouse\",\"url\":\"https:\/\/dstoulouse.com\/\",\"logo\":{\"@type\":\"ImageObject\",\"inLanguage\":\"fr-FR\",\"@id\":\"https:\/\/dstoulouse.com\/#\/schema\/logo\/image\/\",\"url\":\"https:\/\/dstoulouse.com\/wp-content\/uploads\/dst-logo.jpg\",\"contentUrl\":\"https:\/\/dstoulouse.com\/wp-content\/uploads\/dst-logo.jpg\",\"width\":149,\"height\":107,\"caption\":\"Deutsche Schule Toulouse\"},\"image\":{\"@id\":\"https:\/\/dstoulouse.com\/#\/schema\/logo\/image\/\"}}]}<\/script>\n<!-- \/ Yoast SEO plugin. -->","yoast_head_json":{"title":"Deusche Schule Toulouse - \u00c9cole maternelle \/ Kindergarten","description":"\u00c9cole maternelle allemande (le \u00ab Kindergarten \u00bb) avec un environnement interculturel.Chez nous, les enfants de deux \u00e0 six ans sont instruits, soutenus et accom\u00adpag\u00adn\u00e9s jusqu\u2019\u00e0 leur entr\u00e9e \u00e0 l\u2019\u00e9cole \u00e9l\u00e9mentaire.","robots":{"index":"index","follow":"follow","max-snippet":"max-snippet:-1","max-image-preview":"max-image-preview:large","max-video-preview":"max-video-preview:-1"},"canonical":"https:\/\/dstoulouse.com\/fr\/ecole-maternelle\/","og_locale":"fr_FR","og_type":"article","og_title":"Deusche Schule Toulouse - \u00c9cole maternelle \/ Kindergarten","og_description":"\u00c9cole maternelle allemande (le \u00ab Kindergarten \u00bb) avec un environnement interculturel.Chez nous, les enfants de deux \u00e0 six ans sont instruits, soutenus et accom\u00adpag\u00adn\u00e9s jusqu\u2019\u00e0 leur entr\u00e9e \u00e0 l\u2019\u00e9cole \u00e9l\u00e9mentaire.","og_url":"https:\/\/dstoulouse.com\/fr\/ecole-maternelle\/","og_site_name":"Deutsche Schule Toulouse: Exzellente Deutsche Auslandsschule mit Kindergarten, Grundschule und weiterf&uuml;hrender Schule","article_modified_time":"2025-09-15T06:23:36+00:00","og_image":[{"width":400,"height":240,"url":"https:\/\/dstoulouse.com\/wp-content\/uploads\/dst_kindergarten_kreis-schueler_fotografin-nicole-knueppel.jpg","type":"image\/jpeg"}],"twitter_card":"summary_large_image","twitter_misc":{"Dur\u00e9e de lecture estim\u00e9e":"1 minute"},"schema":{"@context":"https:\/\/schema.org","@graph":[{"@type":"WebPage","@id":"https:\/\/dstoulouse.com\/fr\/ecole-maternelle\/","url":"https:\/\/dstoulouse.com\/fr\/ecole-maternelle\/","name":"Deusche Schule Toulouse - \u00c9cole maternelle \/ Kindergarten","isPartOf":{"@id":"https:\/\/dstoulouse.com\/#website"},"primaryImageOfPage":{"@id":"https:\/\/dstoulouse.com\/fr\/ecole-maternelle\/#primaryimage"},"image":{"@id":"https:\/\/dstoulouse.com\/fr\/ecole-maternelle\/#primaryimage"},"thumbnailUrl":"https:\/\/dstoulouse.com\/wp-content\/uploads\/dst_kindergarten_kreis-schueler_fotografin-nicole-knueppel.jpg","datePublished":"2019-08-15T07:39:14+00:00","dateModified":"2025-09-15T06:23:36+00:00","description":"\u00c9cole maternelle allemande (le \u00ab Kindergarten \u00bb) avec un environnement interculturel.Chez nous, les enfants de deux \u00e0 six ans sont instruits, soutenus et accom\u00adpag\u00adn\u00e9s jusqu\u2019\u00e0 leur entr\u00e9e \u00e0 l\u2019\u00e9cole \u00e9l\u00e9mentaire.","breadcrumb":{"@id":"https:\/\/dstoulouse.com\/fr\/ecole-maternelle\/#breadcrumb"},"inLanguage":"fr-FR","potentialAction":[{"@type":"ReadAction","target":["https:\/\/dstoulouse.com\/fr\/ecole-maternelle\/"]}]},{"@type":"ImageObject","inLanguage":"fr-FR","@id":"https:\/\/dstoulouse.com\/fr\/ecole-maternelle\/#primaryimage","url":"https:\/\/dstoulouse.com\/wp-content\/uploads\/dst_kindergarten_kreis-schueler_fotografin-nicole-knueppel.jpg","contentUrl":"https:\/\/dstoulouse.com\/wp-content\/uploads\/dst_kindergarten_kreis-schueler_fotografin-nicole-knueppel.jpg","width":400,"height":240},{"@type":"BreadcrumbList","@id":"https:\/\/dstoulouse.com\/fr\/ecole-maternelle\/#breadcrumb","itemListElement":[{"@type":"ListItem","position":1,"name":"Startseite","item":"https:\/\/dstoulouse.com\/fr\/"},{"@type":"ListItem","position":2,"name":"\u00c9cole maternelle"}]},{"@type":"WebSite","@id":"https:\/\/dstoulouse.com\/#website","url":"https:\/\/dstoulouse.com\/","name":"Deutsche Schule Toulouse: Exzellente Deutsche Auslandsschule mit Kindergarten, Grundschule und weiterf&uuml;hrender Schule","description":"Wir bilden das Europa von morgen","publisher":{"@id":"https:\/\/dstoulouse.com\/#organization"},"potentialAction":[{"@type":"SearchAction","target":{"@type":"EntryPoint","urlTemplate":"https:\/\/dstoulouse.com\/?s={search_term_string}"},"query-input":{"@type":"PropertyValueSpecification","valueRequired":true,"valueName":"search_term_string"}}],"inLanguage":"fr-FR"},{"@type":"Organization","@id":"https:\/\/dstoulouse.com\/#organization","name":"Deutsche Schule Toulouse","url":"https:\/\/dstoulouse.com\/","logo":{"@type":"ImageObject","inLanguage":"fr-FR","@id":"https:\/\/dstoulouse.com\/#\/schema\/logo\/image\/","url":"https:\/\/dstoulouse.com\/wp-content\/uploads\/dst-logo.jpg","contentUrl":"https:\/\/dstoulouse.com\/wp-content\/uploads\/dst-logo.jpg","width":149,"height":107,"caption":"Deutsche Schule Toulouse"},"image":{"@id":"https:\/\/dstoulouse.com\/#\/schema\/logo\/image\/"}}]}},"_links":{"self":[{"href":"https:\/\/dstoulouse.com\/fr\/wp-json\/wp\/v2\/pages\/3617","targetHints":{"allow":["GET"]}}],"collection":[{"href":"https:\/\/dstoulouse.com\/fr\/wp-json\/wp\/v2\/pages"}],"about":[{"href":"https:\/\/dstoulouse.com\/fr\/wp-json\/wp\/v2\/types\/page"}],"author":[{"embeddable":true,"href":"https:\/\/dstoulouse.com\/fr\/wp-json\/wp\/v2\/users\/3"}],"replies":[{"embeddable":true,"href":"https:\/\/dstoulouse.com\/fr\/wp-json\/wp\/v2\/comments?post=3617"}],"version-history":[{"count":10,"href":"https:\/\/dstoulouse.com\/fr\/wp-json\/wp\/v2\/pages\/3617\/revisions"}],"predecessor-version":[{"id":21508,"href":"https:\/\/dstoulouse.com\/fr\/wp-json\/wp\/v2\/pages\/3617\/revisions\/21508"}],"wp:featuredmedia":[{"embeddable":true,"href":"https:\/\/dstoulouse.com\/fr\/wp-json\/wp\/v2\/media\/3619"}],"wp:attachment":[{"href":"https:\/\/dstoulouse.com\/fr\/wp-json\/wp\/v2\/media?parent=3617"}],"curies":[{"name":"wp","href":"https:\/\/api.w.org\/{rel}","templated":true}]}}