{"id":3817,"date":"2020-01-21T16:19:12","date_gmt":"2020-01-21T15:19:12","guid":{"rendered":"https:\/\/dstoulouse.com\/schulbuecher\/"},"modified":"2025-06-30T08:53:43","modified_gmt":"2025-06-30T06:53:43","slug":"manuels-scolaires","status":"publish","type":"page","link":"https:\/\/dstoulouse.com\/fr\/manuels-scolaires\/","title":{"rendered":"Manuels scolaires"},"content":{"rendered":"","protected":false},"excerpt":{"rendered":"","protected":false},"author":2,"featured_media":3705,"parent":0,"menu_order":0,"comment_status":"closed","ping_status":"closed","template":"","meta":{"_EventAllDay":false,"_EventTimezone":"","_EventStartDate":"","_EventEndDate":"","_EventStartDateUTC":"","_EventEndDateUTC":"","_EventShowMap":false,"_EventShowMapLink":false,"_EventURL":"","_EventCost":"","_EventCostDescription":"","_EventCurrencySymbol":"","_EventCurrencyCode":"","_EventCurrencyPosition":"","_EventDateTimeSeparator":"","_EventTimeRangeSeparator":"","_EventOrganizerID":[],"_EventVenueID":[],"_OrganizerEmail":"","_OrganizerPhone":"","_OrganizerWebsite":"","_VenueAddress":"","_VenueCity":"","_VenueCountry":"","_VenueProvince":"","_VenueState":"","_VenueZip":"","_VenuePhone":"","_VenueURL":"","_VenueStateProvince":"","_VenueLat":"","_VenueLng":"","_VenueShowMap":false,"_VenueShowMapLink":false,"iawp_total_views":675,"footnotes":""},"class_list":["post-3817","page","type-page","status-publish","has-post-thumbnail","hentry"],"yoast_head":"<!-- This site is optimized with the Yoast SEO plugin v27.3 - https:\/\/yoast.com\/product\/yoast-seo-wordpress\/ -->\n<title>Deutsche Schule Toulouse - Manuels scolaires<\/title>\n<meta name=\"description\" content=\"Vous trouverez ici un aper\u00e7u des manuels scolaires de toutes les mati\u00e8res et du mat\u00e9riel nous utilisons, r\u00e9partis en primaire et secondaire (Coll\u00e8ge et Lyc\u00e9e).\" \/>\n<meta name=\"robots\" content=\"index, follow, max-snippet:-1, max-image-preview:large, max-video-preview:-1\" \/>\n<link rel=\"canonical\" href=\"https:\/\/dstoulouse.com\/fr\/manuels-scolaires\/\" \/>\n<meta property=\"og:locale\" content=\"fr_FR\" \/>\n<meta property=\"og:type\" content=\"article\" \/>\n<meta property=\"og:title\" content=\"Deutsche Schule Toulouse - Manuels scolaires\" \/>\n<meta property=\"og:description\" content=\"Vous trouverez ici un aper\u00e7u des manuels scolaires de toutes les mati\u00e8res et du mat\u00e9riel nous utilisons, r\u00e9partis en primaire et secondaire (Coll\u00e8ge et Lyc\u00e9e).\" \/>\n<meta property=\"og:url\" content=\"https:\/\/dstoulouse.com\/fr\/manuels-scolaires\/\" \/>\n<meta property=\"og:site_name\" content=\"Deutsche Schule Toulouse: Exzellente Deutsche Auslandsschule mit Kindergarten, Grundschule und weiterf&uuml;hrender Schule\" \/>\n<meta property=\"article:modified_time\" content=\"2025-06-30T06:53:43+00:00\" \/>\n<meta property=\"og:image\" content=\"https:\/\/dstoulouse.com\/wp-content\/uploads\/schulbuecher_deutsche_schule_toulouse_Nicole-Knueppel.jpg\" \/>\n\t<meta property=\"og:image:width\" content=\"1500\" \/>\n\t<meta property=\"og:image:height\" content=\"400\" \/>\n\t<meta property=\"og:image:type\" content=\"image\/jpeg\" \/>\n<meta name=\"twitter:card\" content=\"summary_large_image\" \/>\n<meta name=\"twitter:label1\" content=\"Dur\u00e9e de lecture estim\u00e9e\" \/>\n\t<meta name=\"twitter:data1\" content=\"1 minute\" \/>\n<script type=\"application\/ld+json\" class=\"yoast-schema-graph\">{\"@context\":\"https:\\\/\\\/schema.org\",\"@graph\":[{\"@type\":\"WebPage\",\"@id\":\"https:\\\/\\\/dstoulouse.com\\\/fr\\\/manuels-scolaires\\\/\",\"url\":\"https:\\\/\\\/dstoulouse.com\\\/fr\\\/manuels-scolaires\\\/\",\"name\":\"Deutsche Schule Toulouse - Manuels scolaires\",\"isPartOf\":{\"@id\":\"https:\\\/\\\/dstoulouse.com\\\/#website\"},\"primaryImageOfPage\":{\"@id\":\"https:\\\/\\\/dstoulouse.com\\\/fr\\\/manuels-scolaires\\\/#primaryimage\"},\"image\":{\"@id\":\"https:\\\/\\\/dstoulouse.com\\\/fr\\\/manuels-scolaires\\\/#primaryimage\"},\"thumbnailUrl\":\"https:\\\/\\\/dstoulouse.com\\\/wp-content\\\/uploads\\\/schulbuecher_deutsche_schule_toulouse_Nicole-Knueppel.jpg\",\"datePublished\":\"2020-01-21T15:19:12+00:00\",\"dateModified\":\"2025-06-30T06:53:43+00:00\",\"description\":\"Vous trouverez ici un aper\u00e7u des manuels scolaires de toutes les mati\u00e8res et du mat\u00e9riel nous utilisons, r\u00e9partis en primaire et secondaire (Coll\u00e8ge et Lyc\u00e9e).\",\"breadcrumb\":{\"@id\":\"https:\\\/\\\/dstoulouse.com\\\/fr\\\/manuels-scolaires\\\/#breadcrumb\"},\"inLanguage\":\"fr-FR\",\"potentialAction\":[{\"@type\":\"ReadAction\",\"target\":[\"https:\\\/\\\/dstoulouse.com\\\/fr\\\/manuels-scolaires\\\/\"]}]},{\"@type\":\"ImageObject\",\"inLanguage\":\"fr-FR\",\"@id\":\"https:\\\/\\\/dstoulouse.com\\\/fr\\\/manuels-scolaires\\\/#primaryimage\",\"url\":\"https:\\\/\\\/dstoulouse.com\\\/wp-content\\\/uploads\\\/schulbuecher_deutsche_schule_toulouse_Nicole-Knueppel.jpg\",\"contentUrl\":\"https:\\\/\\\/dstoulouse.com\\\/wp-content\\\/uploads\\\/schulbuecher_deutsche_schule_toulouse_Nicole-Knueppel.jpg\",\"width\":1500,\"height\":400,\"caption\":\"Schulb\u00fccher\"},{\"@type\":\"BreadcrumbList\",\"@id\":\"https:\\\/\\\/dstoulouse.com\\\/fr\\\/manuels-scolaires\\\/#breadcrumb\",\"itemListElement\":[{\"@type\":\"ListItem\",\"position\":1,\"name\":\"Startseite\",\"item\":\"https:\\\/\\\/dstoulouse.com\\\/fr\\\/\"},{\"@type\":\"ListItem\",\"position\":2,\"name\":\"Manuels scolaires\"}]},{\"@type\":\"WebSite\",\"@id\":\"https:\\\/\\\/dstoulouse.com\\\/#website\",\"url\":\"https:\\\/\\\/dstoulouse.com\\\/\",\"name\":\"Deutsche Schule Toulouse: Exzellente Deutsche Auslandsschule mit Kindergarten, Grundschule und weiterf&uuml;hrender Schule\",\"description\":\"Wir bilden das Europa von morgen\",\"publisher\":{\"@id\":\"https:\\\/\\\/dstoulouse.com\\\/#organization\"},\"potentialAction\":[{\"@type\":\"SearchAction\",\"target\":{\"@type\":\"EntryPoint\",\"urlTemplate\":\"https:\\\/\\\/dstoulouse.com\\\/?s={search_term_string}\"},\"query-input\":{\"@type\":\"PropertyValueSpecification\",\"valueRequired\":true,\"valueName\":\"search_term_string\"}}],\"inLanguage\":\"fr-FR\"},{\"@type\":\"Organization\",\"@id\":\"https:\\\/\\\/dstoulouse.com\\\/#organization\",\"name\":\"Deutsche Schule Toulouse\",\"url\":\"https:\\\/\\\/dstoulouse.com\\\/\",\"logo\":{\"@type\":\"ImageObject\",\"inLanguage\":\"fr-FR\",\"@id\":\"https:\\\/\\\/dstoulouse.com\\\/#\\\/schema\\\/logo\\\/image\\\/\",\"url\":\"https:\\\/\\\/dstoulouse.com\\\/wp-content\\\/uploads\\\/dst-logo.jpg\",\"contentUrl\":\"https:\\\/\\\/dstoulouse.com\\\/wp-content\\\/uploads\\\/dst-logo.jpg\",\"width\":149,\"height\":107,\"caption\":\"Deutsche Schule Toulouse\"},\"image\":{\"@id\":\"https:\\\/\\\/dstoulouse.com\\\/#\\\/schema\\\/logo\\\/image\\\/\"}}]}<\/script>\n<!-- \/ Yoast SEO plugin. -->","yoast_head_json":{"title":"Deutsche Schule Toulouse - Manuels scolaires","description":"Vous trouverez ici un aper\u00e7u des manuels scolaires de toutes les mati\u00e8res et du mat\u00e9riel nous utilisons, r\u00e9partis en primaire et secondaire (Coll\u00e8ge et Lyc\u00e9e).","robots":{"index":"index","follow":"follow","max-snippet":"max-snippet:-1","max-image-preview":"max-image-preview:large","max-video-preview":"max-video-preview:-1"},"canonical":"https:\/\/dstoulouse.com\/fr\/manuels-scolaires\/","og_locale":"fr_FR","og_type":"article","og_title":"Deutsche Schule Toulouse - Manuels scolaires","og_description":"Vous trouverez ici un aper\u00e7u des manuels scolaires de toutes les mati\u00e8res et du mat\u00e9riel nous utilisons, r\u00e9partis en primaire et secondaire (Coll\u00e8ge et Lyc\u00e9e).","og_url":"https:\/\/dstoulouse.com\/fr\/manuels-scolaires\/","og_site_name":"Deutsche Schule Toulouse: Exzellente Deutsche Auslandsschule mit Kindergarten, Grundschule und weiterf&uuml;hrender Schule","article_modified_time":"2025-06-30T06:53:43+00:00","og_image":[{"width":1500,"height":400,"url":"https:\/\/dstoulouse.com\/wp-content\/uploads\/schulbuecher_deutsche_schule_toulouse_Nicole-Knueppel.jpg","type":"image\/jpeg"}],"twitter_card":"summary_large_image","twitter_misc":{"Dur\u00e9e de lecture estim\u00e9e":"1 minute"},"schema":{"@context":"https:\/\/schema.org","@graph":[{"@type":"WebPage","@id":"https:\/\/dstoulouse.com\/fr\/manuels-scolaires\/","url":"https:\/\/dstoulouse.com\/fr\/manuels-scolaires\/","name":"Deutsche Schule Toulouse - Manuels scolaires","isPartOf":{"@id":"https:\/\/dstoulouse.com\/#website"},"primaryImageOfPage":{"@id":"https:\/\/dstoulouse.com\/fr\/manuels-scolaires\/#primaryimage"},"image":{"@id":"https:\/\/dstoulouse.com\/fr\/manuels-scolaires\/#primaryimage"},"thumbnailUrl":"https:\/\/dstoulouse.com\/wp-content\/uploads\/schulbuecher_deutsche_schule_toulouse_Nicole-Knueppel.jpg","datePublished":"2020-01-21T15:19:12+00:00","dateModified":"2025-06-30T06:53:43+00:00","description":"Vous trouverez ici un aper\u00e7u des manuels scolaires de toutes les mati\u00e8res et du mat\u00e9riel nous utilisons, r\u00e9partis en primaire et secondaire (Coll\u00e8ge et Lyc\u00e9e).","breadcrumb":{"@id":"https:\/\/dstoulouse.com\/fr\/manuels-scolaires\/#breadcrumb"},"inLanguage":"fr-FR","potentialAction":[{"@type":"ReadAction","target":["https:\/\/dstoulouse.com\/fr\/manuels-scolaires\/"]}]},{"@type":"ImageObject","inLanguage":"fr-FR","@id":"https:\/\/dstoulouse.com\/fr\/manuels-scolaires\/#primaryimage","url":"https:\/\/dstoulouse.com\/wp-content\/uploads\/schulbuecher_deutsche_schule_toulouse_Nicole-Knueppel.jpg","contentUrl":"https:\/\/dstoulouse.com\/wp-content\/uploads\/schulbuecher_deutsche_schule_toulouse_Nicole-Knueppel.jpg","width":1500,"height":400,"caption":"Schulb\u00fccher"},{"@type":"BreadcrumbList","@id":"https:\/\/dstoulouse.com\/fr\/manuels-scolaires\/#breadcrumb","itemListElement":[{"@type":"ListItem","position":1,"name":"Startseite","item":"https:\/\/dstoulouse.com\/fr\/"},{"@type":"ListItem","position":2,"name":"Manuels scolaires"}]},{"@type":"WebSite","@id":"https:\/\/dstoulouse.com\/#website","url":"https:\/\/dstoulouse.com\/","name":"Deutsche Schule Toulouse: Exzellente Deutsche Auslandsschule mit Kindergarten, Grundschule und weiterf&uuml;hrender Schule","description":"Wir bilden das Europa von morgen","publisher":{"@id":"https:\/\/dstoulouse.com\/#organization"},"potentialAction":[{"@type":"SearchAction","target":{"@type":"EntryPoint","urlTemplate":"https:\/\/dstoulouse.com\/?s={search_term_string}"},"query-input":{"@type":"PropertyValueSpecification","valueRequired":true,"valueName":"search_term_string"}}],"inLanguage":"fr-FR"},{"@type":"Organization","@id":"https:\/\/dstoulouse.com\/#organization","name":"Deutsche Schule Toulouse","url":"https:\/\/dstoulouse.com\/","logo":{"@type":"ImageObject","inLanguage":"fr-FR","@id":"https:\/\/dstoulouse.com\/#\/schema\/logo\/image\/","url":"https:\/\/dstoulouse.com\/wp-content\/uploads\/dst-logo.jpg","contentUrl":"https:\/\/dstoulouse.com\/wp-content\/uploads\/dst-logo.jpg","width":149,"height":107,"caption":"Deutsche Schule Toulouse"},"image":{"@id":"https:\/\/dstoulouse.com\/#\/schema\/logo\/image\/"}}]}},"_links":{"self":[{"href":"https:\/\/dstoulouse.com\/fr\/wp-json\/wp\/v2\/pages\/3817","targetHints":{"allow":["GET"]}}],"collection":[{"href":"https:\/\/dstoulouse.com\/fr\/wp-json\/wp\/v2\/pages"}],"about":[{"href":"https:\/\/dstoulouse.com\/fr\/wp-json\/wp\/v2\/types\/page"}],"author":[{"embeddable":true,"href":"https:\/\/dstoulouse.com\/fr\/wp-json\/wp\/v2\/users\/2"}],"replies":[{"embeddable":true,"href":"https:\/\/dstoulouse.com\/fr\/wp-json\/wp\/v2\/comments?post=3817"}],"version-history":[{"count":10,"href":"https:\/\/dstoulouse.com\/fr\/wp-json\/wp\/v2\/pages\/3817\/revisions"}],"predecessor-version":[{"id":21387,"href":"https:\/\/dstoulouse.com\/fr\/wp-json\/wp\/v2\/pages\/3817\/revisions\/21387"}],"wp:featuredmedia":[{"embeddable":true,"href":"https:\/\/dstoulouse.com\/fr\/wp-json\/wp\/v2\/media\/3705"}],"wp:attachment":[{"href":"https:\/\/dstoulouse.com\/fr\/wp-json\/wp\/v2\/media?parent=3817"}],"curies":[{"name":"wp","href":"https:\/\/api.w.org\/{rel}","templated":true}]}}