{"id":4449,"date":"2019-09-03T11:08:27","date_gmt":"2019-09-03T09:08:27","guid":{"rendered":"https:\/\/dstoulouse.com\/schulleben\/"},"modified":"2025-09-03T09:13:48","modified_gmt":"2025-09-03T07:13:48","slug":"la-vie-a-l-ecole","status":"publish","type":"page","link":"https:\/\/dstoulouse.com\/fr\/la-vie-a-l-ecole\/","title":{"rendered":"La vie \u00e0 l&rsquo;\u00e9cole"},"content":{"rendered":"","protected":false},"excerpt":{"rendered":"","protected":false},"author":3,"featured_media":4450,"parent":0,"menu_order":0,"comment_status":"closed","ping_status":"closed","template":"","meta":{"_EventAllDay":false,"_EventTimezone":"","_EventStartDate":"","_EventEndDate":"","_EventStartDateUTC":"","_EventEndDateUTC":"","_EventShowMap":false,"_EventShowMapLink":false,"_EventURL":"","_EventCost":"","_EventCostDescription":"","_EventCurrencySymbol":"","_EventCurrencyCode":"","_EventCurrencyPosition":"","_EventDateTimeSeparator":"","_EventTimeRangeSeparator":"","_EventOrganizerID":[],"_EventVenueID":[],"_OrganizerEmail":"","_OrganizerPhone":"","_OrganizerWebsite":"","_VenueAddress":"","_VenueCity":"","_VenueCountry":"","_VenueProvince":"","_VenueState":"","_VenueZip":"","_VenuePhone":"","_VenueURL":"","_VenueStateProvince":"","_VenueLat":"","_VenueLng":"","_VenueShowMap":false,"_VenueShowMapLink":false,"iawp_total_views":594,"footnotes":""},"class_list":["post-4449","page","type-page","status-publish","has-post-thumbnail","hentry"],"yoast_head":"<!-- This site is optimized with the Yoast SEO plugin v27.3 - https:\/\/yoast.com\/product\/yoast-seo-wordpress\/ -->\n<title>Deusche Schule Toulouse - La vie \u00e0 l&#039;\u00e9cole<\/title>\n<meta name=\"description\" content=\"La scolarit\u00e9 \u00e0 l\u2019\u00c9cole allemande de Toulouse ne saurait se limiter \u00e0 une succession de cours. Nos \u00e9l\u00e8ves peuvent ainsi d\u00e9couvrir de nombreux projets et activit\u00e9s au cours de leur formation.\" \/>\n<meta name=\"robots\" content=\"index, follow, max-snippet:-1, max-image-preview:large, max-video-preview:-1\" \/>\n<link rel=\"canonical\" href=\"https:\/\/dstoulouse.com\/fr\/la-vie-a-l-ecole\/\" \/>\n<meta property=\"og:locale\" content=\"fr_FR\" \/>\n<meta property=\"og:type\" content=\"article\" \/>\n<meta property=\"og:title\" content=\"Deusche Schule Toulouse - La vie \u00e0 l&#039;\u00e9cole\" \/>\n<meta property=\"og:description\" content=\"La scolarit\u00e9 \u00e0 l\u2019\u00c9cole allemande de Toulouse ne saurait se limiter \u00e0 une succession de cours. Nos \u00e9l\u00e8ves peuvent ainsi d\u00e9couvrir de nombreux projets et activit\u00e9s au cours de leur formation.\" \/>\n<meta property=\"og:url\" content=\"https:\/\/dstoulouse.com\/fr\/la-vie-a-l-ecole\/\" \/>\n<meta property=\"og:site_name\" content=\"Deutsche Schule Toulouse: Exzellente Deutsche Auslandsschule mit Kindergarten, Grundschule und weiterf&uuml;hrender Schule\" \/>\n<meta property=\"article:modified_time\" content=\"2025-09-03T07:13:48+00:00\" \/>\n<meta property=\"og:image\" content=\"https:\/\/dstoulouse.com\/wp-content\/uploads\/dst_schulleben-band-header_Nicole-Knueppel.jpg\" \/>\n\t<meta property=\"og:image:width\" content=\"1500\" \/>\n\t<meta property=\"og:image:height\" content=\"400\" \/>\n\t<meta property=\"og:image:type\" content=\"image\/jpeg\" \/>\n<meta name=\"twitter:card\" content=\"summary_large_image\" \/>\n<meta name=\"twitter:label1\" content=\"Dur\u00e9e de lecture estim\u00e9e\" \/>\n\t<meta name=\"twitter:data1\" content=\"1 minute\" \/>\n<script type=\"application\/ld+json\" class=\"yoast-schema-graph\">{\"@context\":\"https:\\\/\\\/schema.org\",\"@graph\":[{\"@type\":\"WebPage\",\"@id\":\"https:\\\/\\\/dstoulouse.com\\\/fr\\\/la-vie-a-l-ecole\\\/\",\"url\":\"https:\\\/\\\/dstoulouse.com\\\/fr\\\/la-vie-a-l-ecole\\\/\",\"name\":\"Deusche Schule Toulouse - La vie \u00e0 l'\u00e9cole\",\"isPartOf\":{\"@id\":\"https:\\\/\\\/dstoulouse.com\\\/#website\"},\"primaryImageOfPage\":{\"@id\":\"https:\\\/\\\/dstoulouse.com\\\/fr\\\/la-vie-a-l-ecole\\\/#primaryimage\"},\"image\":{\"@id\":\"https:\\\/\\\/dstoulouse.com\\\/fr\\\/la-vie-a-l-ecole\\\/#primaryimage\"},\"thumbnailUrl\":\"https:\\\/\\\/dstoulouse.com\\\/wp-content\\\/uploads\\\/dst_schulleben-band-header_Nicole-Knueppel.jpg\",\"datePublished\":\"2019-09-03T09:08:27+00:00\",\"dateModified\":\"2025-09-03T07:13:48+00:00\",\"description\":\"La scolarit\u00e9 \u00e0 l\u2019\u00c9cole allemande de Toulouse ne saurait se limiter \u00e0 une succession de cours. Nos \u00e9l\u00e8ves peuvent ainsi d\u00e9couvrir de nombreux projets et activit\u00e9s au cours de leur formation.\",\"breadcrumb\":{\"@id\":\"https:\\\/\\\/dstoulouse.com\\\/fr\\\/la-vie-a-l-ecole\\\/#breadcrumb\"},\"inLanguage\":\"fr-FR\",\"potentialAction\":[{\"@type\":\"ReadAction\",\"target\":[\"https:\\\/\\\/dstoulouse.com\\\/fr\\\/la-vie-a-l-ecole\\\/\"]}]},{\"@type\":\"ImageObject\",\"inLanguage\":\"fr-FR\",\"@id\":\"https:\\\/\\\/dstoulouse.com\\\/fr\\\/la-vie-a-l-ecole\\\/#primaryimage\",\"url\":\"https:\\\/\\\/dstoulouse.com\\\/wp-content\\\/uploads\\\/dst_schulleben-band-header_Nicole-Knueppel.jpg\",\"contentUrl\":\"https:\\\/\\\/dstoulouse.com\\\/wp-content\\\/uploads\\\/dst_schulleben-band-header_Nicole-Knueppel.jpg\",\"width\":1500,\"height\":400},{\"@type\":\"BreadcrumbList\",\"@id\":\"https:\\\/\\\/dstoulouse.com\\\/fr\\\/la-vie-a-l-ecole\\\/#breadcrumb\",\"itemListElement\":[{\"@type\":\"ListItem\",\"position\":1,\"name\":\"Startseite\",\"item\":\"https:\\\/\\\/dstoulouse.com\\\/fr\\\/\"},{\"@type\":\"ListItem\",\"position\":2,\"name\":\"La vie \u00e0 l&#8217;\u00e9cole\"}]},{\"@type\":\"WebSite\",\"@id\":\"https:\\\/\\\/dstoulouse.com\\\/#website\",\"url\":\"https:\\\/\\\/dstoulouse.com\\\/\",\"name\":\"Deutsche Schule Toulouse: Exzellente Deutsche Auslandsschule mit Kindergarten, Grundschule und weiterf&uuml;hrender Schule\",\"description\":\"Wir bilden das Europa von morgen\",\"publisher\":{\"@id\":\"https:\\\/\\\/dstoulouse.com\\\/#organization\"},\"potentialAction\":[{\"@type\":\"SearchAction\",\"target\":{\"@type\":\"EntryPoint\",\"urlTemplate\":\"https:\\\/\\\/dstoulouse.com\\\/?s={search_term_string}\"},\"query-input\":{\"@type\":\"PropertyValueSpecification\",\"valueRequired\":true,\"valueName\":\"search_term_string\"}}],\"inLanguage\":\"fr-FR\"},{\"@type\":\"Organization\",\"@id\":\"https:\\\/\\\/dstoulouse.com\\\/#organization\",\"name\":\"Deutsche Schule Toulouse\",\"url\":\"https:\\\/\\\/dstoulouse.com\\\/\",\"logo\":{\"@type\":\"ImageObject\",\"inLanguage\":\"fr-FR\",\"@id\":\"https:\\\/\\\/dstoulouse.com\\\/#\\\/schema\\\/logo\\\/image\\\/\",\"url\":\"https:\\\/\\\/dstoulouse.com\\\/wp-content\\\/uploads\\\/dst-logo.jpg\",\"contentUrl\":\"https:\\\/\\\/dstoulouse.com\\\/wp-content\\\/uploads\\\/dst-logo.jpg\",\"width\":149,\"height\":107,\"caption\":\"Deutsche Schule Toulouse\"},\"image\":{\"@id\":\"https:\\\/\\\/dstoulouse.com\\\/#\\\/schema\\\/logo\\\/image\\\/\"}}]}<\/script>\n<!-- \/ Yoast SEO plugin. -->","yoast_head_json":{"title":"Deusche Schule Toulouse - La vie \u00e0 l'\u00e9cole","description":"La scolarit\u00e9 \u00e0 l\u2019\u00c9cole allemande de Toulouse ne saurait se limiter \u00e0 une succession de cours. Nos \u00e9l\u00e8ves peuvent ainsi d\u00e9couvrir de nombreux projets et activit\u00e9s au cours de leur formation.","robots":{"index":"index","follow":"follow","max-snippet":"max-snippet:-1","max-image-preview":"max-image-preview:large","max-video-preview":"max-video-preview:-1"},"canonical":"https:\/\/dstoulouse.com\/fr\/la-vie-a-l-ecole\/","og_locale":"fr_FR","og_type":"article","og_title":"Deusche Schule Toulouse - La vie \u00e0 l'\u00e9cole","og_description":"La scolarit\u00e9 \u00e0 l\u2019\u00c9cole allemande de Toulouse ne saurait se limiter \u00e0 une succession de cours. Nos \u00e9l\u00e8ves peuvent ainsi d\u00e9couvrir de nombreux projets et activit\u00e9s au cours de leur formation.","og_url":"https:\/\/dstoulouse.com\/fr\/la-vie-a-l-ecole\/","og_site_name":"Deutsche Schule Toulouse: Exzellente Deutsche Auslandsschule mit Kindergarten, Grundschule und weiterf&uuml;hrender Schule","article_modified_time":"2025-09-03T07:13:48+00:00","og_image":[{"width":1500,"height":400,"url":"https:\/\/dstoulouse.com\/wp-content\/uploads\/dst_schulleben-band-header_Nicole-Knueppel.jpg","type":"image\/jpeg"}],"twitter_card":"summary_large_image","twitter_misc":{"Dur\u00e9e de lecture estim\u00e9e":"1 minute"},"schema":{"@context":"https:\/\/schema.org","@graph":[{"@type":"WebPage","@id":"https:\/\/dstoulouse.com\/fr\/la-vie-a-l-ecole\/","url":"https:\/\/dstoulouse.com\/fr\/la-vie-a-l-ecole\/","name":"Deusche Schule Toulouse - La vie \u00e0 l'\u00e9cole","isPartOf":{"@id":"https:\/\/dstoulouse.com\/#website"},"primaryImageOfPage":{"@id":"https:\/\/dstoulouse.com\/fr\/la-vie-a-l-ecole\/#primaryimage"},"image":{"@id":"https:\/\/dstoulouse.com\/fr\/la-vie-a-l-ecole\/#primaryimage"},"thumbnailUrl":"https:\/\/dstoulouse.com\/wp-content\/uploads\/dst_schulleben-band-header_Nicole-Knueppel.jpg","datePublished":"2019-09-03T09:08:27+00:00","dateModified":"2025-09-03T07:13:48+00:00","description":"La scolarit\u00e9 \u00e0 l\u2019\u00c9cole allemande de Toulouse ne saurait se limiter \u00e0 une succession de cours. Nos \u00e9l\u00e8ves peuvent ainsi d\u00e9couvrir de nombreux projets et activit\u00e9s au cours de leur formation.","breadcrumb":{"@id":"https:\/\/dstoulouse.com\/fr\/la-vie-a-l-ecole\/#breadcrumb"},"inLanguage":"fr-FR","potentialAction":[{"@type":"ReadAction","target":["https:\/\/dstoulouse.com\/fr\/la-vie-a-l-ecole\/"]}]},{"@type":"ImageObject","inLanguage":"fr-FR","@id":"https:\/\/dstoulouse.com\/fr\/la-vie-a-l-ecole\/#primaryimage","url":"https:\/\/dstoulouse.com\/wp-content\/uploads\/dst_schulleben-band-header_Nicole-Knueppel.jpg","contentUrl":"https:\/\/dstoulouse.com\/wp-content\/uploads\/dst_schulleben-band-header_Nicole-Knueppel.jpg","width":1500,"height":400},{"@type":"BreadcrumbList","@id":"https:\/\/dstoulouse.com\/fr\/la-vie-a-l-ecole\/#breadcrumb","itemListElement":[{"@type":"ListItem","position":1,"name":"Startseite","item":"https:\/\/dstoulouse.com\/fr\/"},{"@type":"ListItem","position":2,"name":"La vie \u00e0 l&#8217;\u00e9cole"}]},{"@type":"WebSite","@id":"https:\/\/dstoulouse.com\/#website","url":"https:\/\/dstoulouse.com\/","name":"Deutsche Schule Toulouse: Exzellente Deutsche Auslandsschule mit Kindergarten, Grundschule und weiterf&uuml;hrender Schule","description":"Wir bilden das Europa von morgen","publisher":{"@id":"https:\/\/dstoulouse.com\/#organization"},"potentialAction":[{"@type":"SearchAction","target":{"@type":"EntryPoint","urlTemplate":"https:\/\/dstoulouse.com\/?s={search_term_string}"},"query-input":{"@type":"PropertyValueSpecification","valueRequired":true,"valueName":"search_term_string"}}],"inLanguage":"fr-FR"},{"@type":"Organization","@id":"https:\/\/dstoulouse.com\/#organization","name":"Deutsche Schule Toulouse","url":"https:\/\/dstoulouse.com\/","logo":{"@type":"ImageObject","inLanguage":"fr-FR","@id":"https:\/\/dstoulouse.com\/#\/schema\/logo\/image\/","url":"https:\/\/dstoulouse.com\/wp-content\/uploads\/dst-logo.jpg","contentUrl":"https:\/\/dstoulouse.com\/wp-content\/uploads\/dst-logo.jpg","width":149,"height":107,"caption":"Deutsche Schule Toulouse"},"image":{"@id":"https:\/\/dstoulouse.com\/#\/schema\/logo\/image\/"}}]}},"_links":{"self":[{"href":"https:\/\/dstoulouse.com\/fr\/wp-json\/wp\/v2\/pages\/4449","targetHints":{"allow":["GET"]}}],"collection":[{"href":"https:\/\/dstoulouse.com\/fr\/wp-json\/wp\/v2\/pages"}],"about":[{"href":"https:\/\/dstoulouse.com\/fr\/wp-json\/wp\/v2\/types\/page"}],"author":[{"embeddable":true,"href":"https:\/\/dstoulouse.com\/fr\/wp-json\/wp\/v2\/users\/3"}],"replies":[{"embeddable":true,"href":"https:\/\/dstoulouse.com\/fr\/wp-json\/wp\/v2\/comments?post=4449"}],"version-history":[{"count":3,"href":"https:\/\/dstoulouse.com\/fr\/wp-json\/wp\/v2\/pages\/4449\/revisions"}],"predecessor-version":[{"id":21455,"href":"https:\/\/dstoulouse.com\/fr\/wp-json\/wp\/v2\/pages\/4449\/revisions\/21455"}],"wp:featuredmedia":[{"embeddable":true,"href":"https:\/\/dstoulouse.com\/fr\/wp-json\/wp\/v2\/media\/4450"}],"wp:attachment":[{"href":"https:\/\/dstoulouse.com\/fr\/wp-json\/wp\/v2\/media?parent=4449"}],"curies":[{"name":"wp","href":"https:\/\/api.w.org\/{rel}","templated":true}]}}