{"id":5651,"date":"2020-08-21T11:24:18","date_gmt":"2020-08-21T09:24:18","guid":{"rendered":"https:\/\/dstoulouse.com\/nouvelles\/archiv-schuljahr-2019-20\/"},"modified":"2020-11-03T15:41:48","modified_gmt":"2020-11-03T14:41:48","slug":"archives-annee-scolaire-2019-20","status":"publish","type":"page","link":"https:\/\/dstoulouse.com\/fr\/nouvelles\/archives-annee-scolaire-2019-20\/","title":{"rendered":"Archives de l&rsquo;ann\u00e9e scolaire 2019\/20"},"content":{"rendered":"","protected":false},"excerpt":{"rendered":"","protected":false},"author":3,"featured_media":3518,"parent":5640,"menu_order":0,"comment_status":"closed","ping_status":"closed","template":"","meta":{"_EventAllDay":false,"_EventTimezone":"","_EventStartDate":"","_EventEndDate":"","_EventStartDateUTC":"","_EventEndDateUTC":"","_EventShowMap":false,"_EventShowMapLink":false,"_EventURL":"","_EventCost":"","_EventCostDescription":"","_EventCurrencySymbol":"","_EventCurrencyCode":"","_EventCurrencyPosition":"","_EventDateTimeSeparator":"","_EventTimeRangeSeparator":"","_EventOrganizerID":[],"_EventVenueID":[],"_OrganizerEmail":"","_OrganizerPhone":"","_OrganizerWebsite":"","_VenueAddress":"","_VenueCity":"","_VenueCountry":"","_VenueProvince":"","_VenueState":"","_VenueZip":"","_VenuePhone":"","_VenueURL":"","_VenueStateProvince":"","_VenueLat":"","_VenueLng":"","_VenueShowMap":false,"_VenueShowMapLink":false,"iawp_total_views":23,"footnotes":""},"class_list":["post-5651","page","type-page","status-publish","has-post-thumbnail","hentry"],"yoast_head":"<!-- This site is optimized with the Yoast SEO plugin v27.2 - https:\/\/yoast.com\/product\/yoast-seo-wordpress\/ -->\n<title>Deusche Schule Toulouse: Archives nouvelles 2019\/2020<\/title>\n<meta name=\"description\" content=\"Archives: Toutes les nouvelles de l&#039;\u00e9cole allemande (Deutsche Schule Toulouse) de l&#039;ann\u00e9e scolaire 2019\/20.\" \/>\n<meta name=\"robots\" content=\"index, follow, max-snippet:-1, max-image-preview:large, max-video-preview:-1\" \/>\n<link rel=\"canonical\" href=\"https:\/\/dstoulouse.com\/fr\/nouvelles\/archives-annee-scolaire-2019-20\/\" \/>\n<meta property=\"og:locale\" content=\"fr_FR\" \/>\n<meta property=\"og:type\" content=\"article\" \/>\n<meta property=\"og:title\" content=\"Deusche Schule Toulouse: Archives nouvelles 2019\/2020\" \/>\n<meta property=\"og:description\" content=\"Archives: Toutes les nouvelles de l&#039;\u00e9cole allemande (Deutsche Schule Toulouse) de l&#039;ann\u00e9e scolaire 2019\/20.\" \/>\n<meta property=\"og:url\" content=\"https:\/\/dstoulouse.com\/fr\/nouvelles\/archives-annee-scolaire-2019-20\/\" \/>\n<meta property=\"og:site_name\" content=\"Deutsche Schule Toulouse: Exzellente Deutsche Auslandsschule mit Kindergarten, Grundschule und weiterf&uuml;hrender Schule\" \/>\n<meta property=\"article:modified_time\" content=\"2020-11-03T14:41:48+00:00\" \/>\n<meta property=\"og:image\" content=\"https:\/\/dstoulouse.com\/wp-content\/uploads\/dst_weiterfuehrende-schule_schuelerinnen-vor-schliessfach_mobile_Nicole-Knueppel.jpg\" \/>\n\t<meta property=\"og:image:width\" content=\"400\" \/>\n\t<meta property=\"og:image:height\" content=\"400\" \/>\n\t<meta property=\"og:image:type\" content=\"image\/jpeg\" \/>\n<meta name=\"twitter:card\" content=\"summary_large_image\" \/>\n<script type=\"application\/ld+json\" class=\"yoast-schema-graph\">{\"@context\":\"https:\/\/schema.org\",\"@graph\":[{\"@type\":\"WebPage\",\"@id\":\"https:\/\/dstoulouse.com\/fr\/nouvelles\/archives-annee-scolaire-2019-20\/\",\"url\":\"https:\/\/dstoulouse.com\/fr\/nouvelles\/archives-annee-scolaire-2019-20\/\",\"name\":\"Deusche Schule Toulouse: Archives nouvelles 2019\/2020\",\"isPartOf\":{\"@id\":\"https:\/\/dstoulouse.com\/#website\"},\"primaryImageOfPage\":{\"@id\":\"https:\/\/dstoulouse.com\/fr\/nouvelles\/archives-annee-scolaire-2019-20\/#primaryimage\"},\"image\":{\"@id\":\"https:\/\/dstoulouse.com\/fr\/nouvelles\/archives-annee-scolaire-2019-20\/#primaryimage\"},\"thumbnailUrl\":\"https:\/\/dstoulouse.com\/wp-content\/uploads\/dst_weiterfuehrende-schule_schuelerinnen-vor-schliessfach_mobile_Nicole-Knueppel.jpg\",\"datePublished\":\"2020-08-21T09:24:18+00:00\",\"dateModified\":\"2020-11-03T14:41:48+00:00\",\"description\":\"Archives: Toutes les nouvelles de l'\u00e9cole allemande (Deutsche Schule Toulouse) de l'ann\u00e9e scolaire 2019\/20.\",\"breadcrumb\":{\"@id\":\"https:\/\/dstoulouse.com\/fr\/nouvelles\/archives-annee-scolaire-2019-20\/#breadcrumb\"},\"inLanguage\":\"fr-FR\",\"potentialAction\":[{\"@type\":\"ReadAction\",\"target\":[\"https:\/\/dstoulouse.com\/fr\/nouvelles\/archives-annee-scolaire-2019-20\/\"]}]},{\"@type\":\"ImageObject\",\"inLanguage\":\"fr-FR\",\"@id\":\"https:\/\/dstoulouse.com\/fr\/nouvelles\/archives-annee-scolaire-2019-20\/#primaryimage\",\"url\":\"https:\/\/dstoulouse.com\/wp-content\/uploads\/dst_weiterfuehrende-schule_schuelerinnen-vor-schliessfach_mobile_Nicole-Knueppel.jpg\",\"contentUrl\":\"https:\/\/dstoulouse.com\/wp-content\/uploads\/dst_weiterfuehrende-schule_schuelerinnen-vor-schliessfach_mobile_Nicole-Knueppel.jpg\",\"width\":400,\"height\":400,\"caption\":\"Deutsche Schule Toulouse | Weiterf\u00fchrende Schule: Sch\u00fclerinnen vorm Schlie\u00dffach. Fotografin: Nicole Kn\u00fcppel\"},{\"@type\":\"BreadcrumbList\",\"@id\":\"https:\/\/dstoulouse.com\/fr\/nouvelles\/archives-annee-scolaire-2019-20\/#breadcrumb\",\"itemListElement\":[{\"@type\":\"ListItem\",\"position\":1,\"name\":\"Startseite\",\"item\":\"https:\/\/dstoulouse.com\/fr\/\"},{\"@type\":\"ListItem\",\"position\":2,\"name\":\"Actualit\u00e9s\",\"item\":\"https:\/\/dstoulouse.com\/fr\/nouvelles\/\"},{\"@type\":\"ListItem\",\"position\":3,\"name\":\"Archives de l&#8217;ann\u00e9e scolaire 2019\/20\"}]},{\"@type\":\"WebSite\",\"@id\":\"https:\/\/dstoulouse.com\/#website\",\"url\":\"https:\/\/dstoulouse.com\/\",\"name\":\"Deutsche Schule Toulouse: Exzellente Deutsche Auslandsschule mit Kindergarten, Grundschule und weiterf&uuml;hrender Schule\",\"description\":\"Wir bilden das Europa von morgen\",\"publisher\":{\"@id\":\"https:\/\/dstoulouse.com\/#organization\"},\"potentialAction\":[{\"@type\":\"SearchAction\",\"target\":{\"@type\":\"EntryPoint\",\"urlTemplate\":\"https:\/\/dstoulouse.com\/?s={search_term_string}\"},\"query-input\":{\"@type\":\"PropertyValueSpecification\",\"valueRequired\":true,\"valueName\":\"search_term_string\"}}],\"inLanguage\":\"fr-FR\"},{\"@type\":\"Organization\",\"@id\":\"https:\/\/dstoulouse.com\/#organization\",\"name\":\"Deutsche Schule Toulouse\",\"url\":\"https:\/\/dstoulouse.com\/\",\"logo\":{\"@type\":\"ImageObject\",\"inLanguage\":\"fr-FR\",\"@id\":\"https:\/\/dstoulouse.com\/#\/schema\/logo\/image\/\",\"url\":\"https:\/\/dstoulouse.com\/wp-content\/uploads\/dst-logo.jpg\",\"contentUrl\":\"https:\/\/dstoulouse.com\/wp-content\/uploads\/dst-logo.jpg\",\"width\":149,\"height\":107,\"caption\":\"Deutsche Schule Toulouse\"},\"image\":{\"@id\":\"https:\/\/dstoulouse.com\/#\/schema\/logo\/image\/\"}}]}<\/script>\n<!-- \/ Yoast SEO plugin. -->","yoast_head_json":{"title":"Deusche Schule Toulouse: Archives nouvelles 2019\/2020","description":"Archives: Toutes les nouvelles de l'\u00e9cole allemande (Deutsche Schule Toulouse) de l'ann\u00e9e scolaire 2019\/20.","robots":{"index":"index","follow":"follow","max-snippet":"max-snippet:-1","max-image-preview":"max-image-preview:large","max-video-preview":"max-video-preview:-1"},"canonical":"https:\/\/dstoulouse.com\/fr\/nouvelles\/archives-annee-scolaire-2019-20\/","og_locale":"fr_FR","og_type":"article","og_title":"Deusche Schule Toulouse: Archives nouvelles 2019\/2020","og_description":"Archives: Toutes les nouvelles de l'\u00e9cole allemande (Deutsche Schule Toulouse) de l'ann\u00e9e scolaire 2019\/20.","og_url":"https:\/\/dstoulouse.com\/fr\/nouvelles\/archives-annee-scolaire-2019-20\/","og_site_name":"Deutsche Schule Toulouse: Exzellente Deutsche Auslandsschule mit Kindergarten, Grundschule und weiterf&uuml;hrender Schule","article_modified_time":"2020-11-03T14:41:48+00:00","og_image":[{"width":400,"height":400,"url":"https:\/\/dstoulouse.com\/wp-content\/uploads\/dst_weiterfuehrende-schule_schuelerinnen-vor-schliessfach_mobile_Nicole-Knueppel.jpg","type":"image\/jpeg"}],"twitter_card":"summary_large_image","schema":{"@context":"https:\/\/schema.org","@graph":[{"@type":"WebPage","@id":"https:\/\/dstoulouse.com\/fr\/nouvelles\/archives-annee-scolaire-2019-20\/","url":"https:\/\/dstoulouse.com\/fr\/nouvelles\/archives-annee-scolaire-2019-20\/","name":"Deusche Schule Toulouse: Archives nouvelles 2019\/2020","isPartOf":{"@id":"https:\/\/dstoulouse.com\/#website"},"primaryImageOfPage":{"@id":"https:\/\/dstoulouse.com\/fr\/nouvelles\/archives-annee-scolaire-2019-20\/#primaryimage"},"image":{"@id":"https:\/\/dstoulouse.com\/fr\/nouvelles\/archives-annee-scolaire-2019-20\/#primaryimage"},"thumbnailUrl":"https:\/\/dstoulouse.com\/wp-content\/uploads\/dst_weiterfuehrende-schule_schuelerinnen-vor-schliessfach_mobile_Nicole-Knueppel.jpg","datePublished":"2020-08-21T09:24:18+00:00","dateModified":"2020-11-03T14:41:48+00:00","description":"Archives: Toutes les nouvelles de l'\u00e9cole allemande (Deutsche Schule Toulouse) de l'ann\u00e9e scolaire 2019\/20.","breadcrumb":{"@id":"https:\/\/dstoulouse.com\/fr\/nouvelles\/archives-annee-scolaire-2019-20\/#breadcrumb"},"inLanguage":"fr-FR","potentialAction":[{"@type":"ReadAction","target":["https:\/\/dstoulouse.com\/fr\/nouvelles\/archives-annee-scolaire-2019-20\/"]}]},{"@type":"ImageObject","inLanguage":"fr-FR","@id":"https:\/\/dstoulouse.com\/fr\/nouvelles\/archives-annee-scolaire-2019-20\/#primaryimage","url":"https:\/\/dstoulouse.com\/wp-content\/uploads\/dst_weiterfuehrende-schule_schuelerinnen-vor-schliessfach_mobile_Nicole-Knueppel.jpg","contentUrl":"https:\/\/dstoulouse.com\/wp-content\/uploads\/dst_weiterfuehrende-schule_schuelerinnen-vor-schliessfach_mobile_Nicole-Knueppel.jpg","width":400,"height":400,"caption":"Deutsche Schule Toulouse | Weiterf\u00fchrende Schule: Sch\u00fclerinnen vorm Schlie\u00dffach. Fotografin: Nicole Kn\u00fcppel"},{"@type":"BreadcrumbList","@id":"https:\/\/dstoulouse.com\/fr\/nouvelles\/archives-annee-scolaire-2019-20\/#breadcrumb","itemListElement":[{"@type":"ListItem","position":1,"name":"Startseite","item":"https:\/\/dstoulouse.com\/fr\/"},{"@type":"ListItem","position":2,"name":"Actualit\u00e9s","item":"https:\/\/dstoulouse.com\/fr\/nouvelles\/"},{"@type":"ListItem","position":3,"name":"Archives de l&#8217;ann\u00e9e scolaire 2019\/20"}]},{"@type":"WebSite","@id":"https:\/\/dstoulouse.com\/#website","url":"https:\/\/dstoulouse.com\/","name":"Deutsche Schule Toulouse: Exzellente Deutsche Auslandsschule mit Kindergarten, Grundschule und weiterf&uuml;hrender Schule","description":"Wir bilden das Europa von morgen","publisher":{"@id":"https:\/\/dstoulouse.com\/#organization"},"potentialAction":[{"@type":"SearchAction","target":{"@type":"EntryPoint","urlTemplate":"https:\/\/dstoulouse.com\/?s={search_term_string}"},"query-input":{"@type":"PropertyValueSpecification","valueRequired":true,"valueName":"search_term_string"}}],"inLanguage":"fr-FR"},{"@type":"Organization","@id":"https:\/\/dstoulouse.com\/#organization","name":"Deutsche Schule Toulouse","url":"https:\/\/dstoulouse.com\/","logo":{"@type":"ImageObject","inLanguage":"fr-FR","@id":"https:\/\/dstoulouse.com\/#\/schema\/logo\/image\/","url":"https:\/\/dstoulouse.com\/wp-content\/uploads\/dst-logo.jpg","contentUrl":"https:\/\/dstoulouse.com\/wp-content\/uploads\/dst-logo.jpg","width":149,"height":107,"caption":"Deutsche Schule Toulouse"},"image":{"@id":"https:\/\/dstoulouse.com\/#\/schema\/logo\/image\/"}}]}},"_links":{"self":[{"href":"https:\/\/dstoulouse.com\/fr\/wp-json\/wp\/v2\/pages\/5651","targetHints":{"allow":["GET"]}}],"collection":[{"href":"https:\/\/dstoulouse.com\/fr\/wp-json\/wp\/v2\/pages"}],"about":[{"href":"https:\/\/dstoulouse.com\/fr\/wp-json\/wp\/v2\/types\/page"}],"author":[{"embeddable":true,"href":"https:\/\/dstoulouse.com\/fr\/wp-json\/wp\/v2\/users\/3"}],"replies":[{"embeddable":true,"href":"https:\/\/dstoulouse.com\/fr\/wp-json\/wp\/v2\/comments?post=5651"}],"version-history":[{"count":0,"href":"https:\/\/dstoulouse.com\/fr\/wp-json\/wp\/v2\/pages\/5651\/revisions"}],"up":[{"embeddable":true,"href":"https:\/\/dstoulouse.com\/fr\/wp-json\/wp\/v2\/pages\/5640"}],"wp:featuredmedia":[{"embeddable":true,"href":"https:\/\/dstoulouse.com\/fr\/wp-json\/wp\/v2\/media\/3518"}],"wp:attachment":[{"href":"https:\/\/dstoulouse.com\/fr\/wp-json\/wp\/v2\/media?parent=5651"}],"curies":[{"name":"wp","href":"https:\/\/api.w.org\/{rel}","templated":true}]}}